{"id":2538,"date":"2020-08-12T08:44:46","date_gmt":"2020-08-12T08:44:46","guid":{"rendered":"https:\/\/terrassenbau-halle.de\/?page_id=2538"},"modified":"2020-08-15T09:17:50","modified_gmt":"2020-08-15T09:17:50","slug":"referenzgalerie-aluminium-sichtschutz-kopie","status":"publish","type":"page","link":"https:\/\/terrassenbau-halle.de\/?page_id=2538","title":{"rendered":"Referenzgalerie Schwimmbadrandplatten und Sichtschutz mit Gartent\u00fcr"},"content":{"rendered":"<section class=\"wpb-content-wrapper\"><p>[vc_row][vc_column][vc_column_text]<\/p>\n<div class=\"wd-title-block\">\n<p>Nach dem Neubau des Schwimmbeckens mit umlaufendem Gef\u00e4lleestrich wurden Schwimmbadrandplatten aus Keramik verlegt. Der Skimmer mit Filterkorb befindet sich im Plattenbelag und wird durch eine herausnehmbare Abdeckung verschlossen.<\/p>\n<p>Im Eingangsbereich des Schwimmbeckens wurde das Format 90x90x2 cm und als Randplatten das Format 30x90x2 cm in hellgrauer Steinoptik verlegt.<\/p>\n<p>In gleicher Optik wurde ein Sichtschutz aus pulverbeschichtetem Aluminium mit Keramikf\u00fcllung und Gartentor aufgebaut, welcher gleichzeitig als Tragkonstruktion f\u00fcr eine \u00dcberdachung des Zugangsbereiches zum Garten dienen soll.<\/p>\n<\/div>\n<p>[\/vc_column_text][\/vc_column][\/vc_row][vc_row][vc_column equalizer_column=&#8220;yes&#8220;]\r\n\r\n<div class=\"wd_empty_space\" data-heightmobile=\"20\" data-heighttablet=\"30\" data-heightdesktop=\"70\">\r\n\r\n<\/div>\r\n      \r\n\r\n\r\n\r\n        \r\n      \r\n    [\/vc_column][\/vc_row][vc_row][vc_column width=&#8220;1\/3&#8243;]\r\n\r\n\r\n\r\n<section class=\"wd-section-blog text-center style2\">\r\n  <div class=\"wd-blog-post  \" >\r\n      <h4 class=\"wd-title-element\">Schwimmbecken<\/h4>\r\n      <p>\r\n          Umlaufend mit Randplatten      <\/p>\r\n              <a href=\"https:\/\/terrassenbau-halle.de\/wp-content\/uploads\/2020\/08\/24_Sichtschutz_Gartentuer_Galerie_image006.jpg\" target=_blank>\r\n                                                 <img src=\"https:\/\/terrassenbau-halle.de\/wp-content\/uploads\/2020\/08\/24_Sichtschutz_Gartentuer_Vorschau_image006.jpg\" alt=\"icon\"\/>\r\n                <\/a>\r\n      <\/div>\r\n<\/section>\r\n    [\/vc_column][vc_column width=&#8220;1\/3&#8243;]\r\n\r\n\r\n\r\n<section class=\"wd-section-blog text-center style2\">\r\n  <div class=\"wd-blog-post  \" >\r\n      <h4 class=\"wd-title-element\">Gro\u00dfformatige Keramikplatten<\/h4>\r\n      <p>\r\n          Format 90x90x2 cm      <\/p>\r\n              <a href=\"https:\/\/terrassenbau-halle.de\/wp-content\/uploads\/2020\/08\/24_Sichtschutz_Gartentuer_Galerie_image005.jpg\" target=_blank>\r\n                                                 <img src=\"https:\/\/terrassenbau-halle.de\/wp-content\/uploads\/2020\/08\/24_Sichtschutz_Gartentuer_Vorschau_image005.jpg\" alt=\"icon\"\/>\r\n                <\/a>\r\n      <\/div>\r\n<\/section>\r\n    [\/vc_column][vc_column width=&#8220;1\/3&#8243;]\r\n\r\n\r\n\r\n<section class=\"wd-section-blog text-center style2\">\r\n  <div class=\"wd-blog-post  \" >\r\n      <h4 class=\"wd-title-element\">Eckausbildung und dauerelastische Verfugung<\/h4>\r\n      <p>\r\n          Gehrungsschnitt im Gef\u00e4lle      <\/p>\r\n              <a href=\"https:\/\/terrassenbau-halle.de\/wp-content\/uploads\/2020\/08\/24_Sichtschutz_Gartentuer_Galerie_image003.jpg\" target=_blank>\r\n                                                 <img src=\"https:\/\/terrassenbau-halle.de\/wp-content\/uploads\/2020\/08\/24_Sichtschutz_Gartentuer_Vorschau_image003.jpg\" alt=\"icon\"\/>\r\n                <\/a>\r\n      <\/div>\r\n<\/section>\r\n    [\/vc_column][\/vc_row][vc_row][vc_column width=&#8220;1\/2&#8243;]\r\n\r\n\r\n\r\n<section class=\"wd-section-blog text-center style2\">\r\n  <div class=\"wd-blog-post  \" >\r\n      <h4 class=\"wd-title-element\">Abdeckung des Skimmers<\/h4>\r\n      <p>\r\n          Herausnehmbare Passplatte      <\/p>\r\n              <a href=\"https:\/\/terrassenbau-halle.de\/wp-content\/uploads\/2020\/08\/24_Sichtschutz_Gartentuer_Galerie_image007.jpg\" target=_blank>\r\n                                                 <img src=\"https:\/\/terrassenbau-halle.de\/wp-content\/uploads\/2020\/08\/24_Sichtschutz_Gartentuer_Vorschau_image007.jpg\" alt=\"icon\"\/>\r\n                <\/a>\r\n      <\/div>\r\n<\/section>\r\n    [\/vc_column][vc_column width=&#8220;1\/2&#8243;]\r\n\r\n\r\n\r\n<section class=\"wd-section-blog text-center style2\">\r\n  <div class=\"wd-blog-post  \" >\r\n      <h4 class=\"wd-title-element\">Zusammenbau Gartentor auf Ma\u00df<\/h4>\r\n      <p>\r\n          Zuschnitt aus Aluminiumprofilen      <\/p>\r\n              <a href=\"https:\/\/terrassenbau-halle.de\/wp-content\/uploads\/2020\/08\/24_Sichtschutz_Gartentuer_Galerie_image001.jpg\" target=_blank>\r\n                                                 <img src=\"https:\/\/terrassenbau-halle.de\/wp-content\/uploads\/2020\/08\/24_Sichtschutz_Gartentuer_Vorschau_image001.jpg\" alt=\"icon\"\/>\r\n                <\/a>\r\n      <\/div>\r\n<\/section>\r\n    [\/vc_column][\/vc_row][vc_row][vc_column width=&#8220;1\/2&#8243;]\r\n\r\n\r\n\r\n<section class=\"wd-section-blog text-center style2\">\r\n  <div class=\"wd-blog-post  \" >\r\n      <h4 class=\"wd-title-element\">Sichtschutz<\/h4>\r\n      <p>\r\n          Mit Tragkonstruktion f\u00fcr \u00dcberdachung      <\/p>\r\n              <a href=\"https:\/\/terrassenbau-halle.de\/wp-content\/uploads\/2020\/08\/24_Sichtschutz_Gartentuer_Galerie_image002.jpg\" target=_blank>\r\n                                                 <img src=\"https:\/\/terrassenbau-halle.de\/wp-content\/uploads\/2020\/08\/24_Sichtschutz_Gartentuer_Vorschau_image002.jpg\" alt=\"icon\"\/>\r\n                <\/a>\r\n      <\/div>\r\n<\/section>\r\n    [\/vc_column][vc_column width=&#8220;1\/2&#8243;]\r\n\r\n\r\n\r\n<section class=\"wd-section-blog text-center style2\">\r\n  <div class=\"wd-blog-post  \" >\r\n      <h4 class=\"wd-title-element\">Fertiges Gartentor<\/h4>\r\n      <p>\r\n          Mit Dr\u00fcckergarnitur und B\u00e4ndern      <\/p>\r\n              <a href=\"https:\/\/terrassenbau-halle.de\/wp-content\/uploads\/2020\/08\/24_Sichtschutz_Gartentuer_Galerie_image004.jpg\" target=_blank>\r\n                                                 <img src=\"https:\/\/terrassenbau-halle.de\/wp-content\/uploads\/2020\/08\/24_Sichtschutz_Gartentuer_Vorschau_image004.jpg\" alt=\"icon\"\/>\r\n                <\/a>\r\n      <\/div>\r\n<\/section>\r\n    [\/vc_column][\/vc_row]<\/p>\n<\/section>","protected":false},"excerpt":{"rendered":"<p>[vc_row][vc_column][vc_column_text] Nach dem Neubau des Schwimmbeckens mit umlaufendem Gef\u00e4lleestrich wurden Schwimmbadrandplatten aus Keramik verlegt. Der Skimmer mit Filterkorb befindet sich im Plattenbelag und wird durch eine herausnehmbare Abdeckung verschlossen. Im Eingangsbereich des Schwimmbeckens wurde das Format 90x90x2 cm und als Randplatten das Format 30x90x2 cm in hellgrauer Steinoptik verlegt. In gleicher Optik wurde ein Sichtschutz [&hellip;]<\/p>\n","protected":false},"author":1,"featured_media":2536,"parent":0,"menu_order":0,"comment_status":"closed","ping_status":"open","template":"","meta":[],"_links":{"self":[{"href":"https:\/\/terrassenbau-halle.de\/index.php?rest_route=\/wp\/v2\/pages\/2538"}],"collection":[{"href":"https:\/\/terrassenbau-halle.de\/index.php?rest_route=\/wp\/v2\/pages"}],"about":[{"href":"https:\/\/terrassenbau-halle.de\/index.php?rest_route=\/wp\/v2\/types\/page"}],"author":[{"embeddable":true,"href":"https:\/\/terrassenbau-halle.de\/index.php?rest_route=\/wp\/v2\/users\/1"}],"replies":[{"embeddable":true,"href":"https:\/\/terrassenbau-halle.de\/index.php?rest_route=%2Fwp%2Fv2%2Fcomments&post=2538"}],"version-history":[{"count":3,"href":"https:\/\/terrassenbau-halle.de\/index.php?rest_route=\/wp\/v2\/pages\/2538\/revisions"}],"predecessor-version":[{"id":2541,"href":"https:\/\/terrassenbau-halle.de\/index.php?rest_route=\/wp\/v2\/pages\/2538\/revisions\/2541"}],"wp:featuredmedia":[{"embeddable":true,"href":"https:\/\/terrassenbau-halle.de\/index.php?rest_route=\/wp\/v2\/media\/2536"}],"wp:attachment":[{"href":"https:\/\/terrassenbau-halle.de\/index.php?rest_route=%2Fwp%2Fv2%2Fmedia&parent=2538"}],"curies":[{"name":"wp","href":"https:\/\/api.w.org\/{rel}","templated":true}]}}