{"id":2353,"date":"2020-07-14T13:15:59","date_gmt":"2020-07-14T13:15:59","guid":{"rendered":"https:\/\/terrassenbau-halle.de\/?page_id=2353"},"modified":"2020-08-15T09:14:41","modified_gmt":"2020-08-15T09:14:41","slug":"referenzgalerie-eingangstreppe","status":"publish","type":"page","link":"https:\/\/terrassenbau-halle.de\/?page_id=2353","title":{"rendered":"Referenzgalerie Eingangstreppe"},"content":{"rendered":"<section class=\"wpb-content-wrapper\"><p>[vc_row][vc_column][vc_column_text]<\/p>\n<div class=\"wd-title-block\">\n<p>Sanierung einer Eingangstreppe<\/p>\n<p>Nach dem R\u00fcckbau des defekten Treppenbelages aus Betonwerksteinplatten erfolgte die Anpassung des Treppenrohlinges an die neu gew\u00e4hlten Steigungs- und Auftrittma\u00dfe sowie Ma\u00dfe des Podestes an den neuen Podestbelag.<\/p>\n<p>Vor der Verlegung des Stufen- und Podestbelages wurde der Rohling durch zus\u00e4tzliche Stahlbetonanschl\u00fcsse verbreitert und abgedichtet.<\/p>\n<p>Die Sichtkanten des Keramikbelages wurden auf Gehrung geschnitten und als Winkelelement einseitig oder zweiseitig \u00fcber Eck verklebt. Die Natursteinmaserung setzt sich somit von der Plattenfl\u00e4che auf die senkrechten Fl\u00e4chen fort.<\/p>\n<p>Alle Fugen wurden dauerelastisch geschlossen und taktile Markierungen angebracht.<\/p>\n<\/div>\n<p>[\/vc_column_text][\/vc_column][\/vc_row][vc_row][vc_column equalizer_column=&#8220;yes&#8220;]\r\n\r\n<div class=\"wd_empty_space\" data-heightmobile=\"20\" data-heighttablet=\"30\" data-heightdesktop=\"70\">\r\n\r\n<\/div>\r\n      \r\n\r\n\r\n\r\n        \r\n      \r\n    [\/vc_column][\/vc_row][vc_row][vc_column width=&#8220;1\/2&#8243;]\r\n\r\n\r\n\r\n<section class=\"wd-section-blog text-center style2\">\r\n  <div class=\"wd-blog-post  \" >\r\n      <h4 class=\"wd-title-element\">Treppenrohling anpassen<\/h4>\r\n      <p>\r\n          Steigung und Auftritt neu festlegen      <\/p>\r\n              <a href=\"https:\/\/terrassenbau-halle.de\/wp-content\/uploads\/2020\/07\/13_Eingangstreppe_Galerie_image001.jpg\" target=_blank>\r\n                                                 <img src=\"https:\/\/terrassenbau-halle.de\/wp-content\/uploads\/2020\/07\/13_Eingangstreppe_Vorschau_image001.jpg\" alt=\"icon\"\/>\r\n                <\/a>\r\n      <\/div>\r\n<\/section>\r\n    [\/vc_column][vc_column width=&#8220;1\/2&#8243;]\r\n\r\n\r\n\r\n<section class=\"wd-section-blog text-center style2\">\r\n  <div class=\"wd-blog-post  \" >\r\n      <h4 class=\"wd-title-element\">Treppenbelag<\/h4>\r\n      <p>\r\n          Mit Sockelleisten b\u00fcndig zum Au\u00dfenputz      <\/p>\r\n              <a href=\"https:\/\/terrassenbau-halle.de\/wp-content\/uploads\/2020\/07\/13_Eingangstreppe_Galerie_image002.jpg\" target=_blank>\r\n                                                 <img src=\"https:\/\/terrassenbau-halle.de\/wp-content\/uploads\/2020\/07\/13_Eingangstreppe_Vorschau_image002.jpg\" alt=\"icon\"\/>\r\n                <\/a>\r\n      <\/div>\r\n<\/section>\r\n    [\/vc_column][\/vc_row][vc_row][vc_column width=&#8220;1\/2&#8243;]\r\n\r\n\r\n\r\n<section class=\"wd-section-blog text-center style2\">\r\n  <div class=\"wd-blog-post  \" >\r\n      <h4 class=\"wd-title-element\">Treppenbelag<\/h4>\r\n      <p>\r\n          Mit Kopfplatten      <\/p>\r\n              <a href=\"https:\/\/terrassenbau-halle.de\/wp-content\/uploads\/2020\/07\/13_Eingangstreppe_Galerie_image004.jpg\" target=_blank>\r\n                                                 <img src=\"https:\/\/terrassenbau-halle.de\/wp-content\/uploads\/2020\/07\/13_Eingangstreppe_Vorschau_image004.jpg\" alt=\"icon\"\/>\r\n                <\/a>\r\n      <\/div>\r\n<\/section>\r\n    [\/vc_column][vc_column width=&#8220;1\/2&#8243;]\r\n\r\n\r\n\r\n<section class=\"wd-section-blog text-center style2\">\r\n  <div class=\"wd-blog-post  \" >\r\n      <h4 class=\"wd-title-element\">Treppenbelag<\/h4>\r\n      <p>\r\n          Vorderansicht      <\/p>\r\n              <a href=\"https:\/\/terrassenbau-halle.de\/wp-content\/uploads\/2020\/07\/13_Eingangstreppe_Galerie_image003.jpg\" target=_blank>\r\n                                                 <img src=\"https:\/\/terrassenbau-halle.de\/wp-content\/uploads\/2020\/07\/13_Eingangstreppe_Vorschau_image003.jpg\" alt=\"icon\"\/>\r\n                <\/a>\r\n      <\/div>\r\n<\/section>\r\n    [\/vc_column][\/vc_row]<\/p>\n<\/section>","protected":false},"excerpt":{"rendered":"<p>[vc_row][vc_column][vc_column_text] Sanierung einer Eingangstreppe Nach dem R\u00fcckbau des defekten Treppenbelages aus Betonwerksteinplatten erfolgte die Anpassung des Treppenrohlinges an die neu gew\u00e4hlten Steigungs- und Auftrittma\u00dfe sowie Ma\u00dfe des Podestes an den neuen Podestbelag. Vor der Verlegung des Stufen- und Podestbelages wurde der Rohling durch zus\u00e4tzliche Stahlbetonanschl\u00fcsse verbreitert und abgedichtet. Die Sichtkanten des Keramikbelages wurden auf Gehrung [&hellip;]<\/p>\n","protected":false},"author":1,"featured_media":0,"parent":0,"menu_order":0,"comment_status":"closed","ping_status":"open","template":"","meta":[],"_links":{"self":[{"href":"https:\/\/terrassenbau-halle.de\/index.php?rest_route=\/wp\/v2\/pages\/2353"}],"collection":[{"href":"https:\/\/terrassenbau-halle.de\/index.php?rest_route=\/wp\/v2\/pages"}],"about":[{"href":"https:\/\/terrassenbau-halle.de\/index.php?rest_route=\/wp\/v2\/types\/page"}],"author":[{"embeddable":true,"href":"https:\/\/terrassenbau-halle.de\/index.php?rest_route=\/wp\/v2\/users\/1"}],"replies":[{"embeddable":true,"href":"https:\/\/terrassenbau-halle.de\/index.php?rest_route=%2Fwp%2Fv2%2Fcomments&post=2353"}],"version-history":[{"count":4,"href":"https:\/\/terrassenbau-halle.de\/index.php?rest_route=\/wp\/v2\/pages\/2353\/revisions"}],"predecessor-version":[{"id":2359,"href":"https:\/\/terrassenbau-halle.de\/index.php?rest_route=\/wp\/v2\/pages\/2353\/revisions\/2359"}],"wp:attachment":[{"href":"https:\/\/terrassenbau-halle.de\/index.php?rest_route=%2Fwp%2Fv2%2Fmedia&parent=2353"}],"curies":[{"name":"wp","href":"https:\/\/api.w.org\/{rel}","templated":true}]}}