{"id":2319,"date":"2020-07-14T12:02:29","date_gmt":"2020-07-14T12:02:29","guid":{"rendered":"https:\/\/terrassenbau-halle.de\/?page_id=2319"},"modified":"2020-08-15T09:17:33","modified_gmt":"2020-08-15T09:17:33","slug":"referenzgalerie-poolsanierung-mit-neubau-terrassenanschluss","status":"publish","type":"page","link":"https:\/\/terrassenbau-halle.de\/?page_id=2319","title":{"rendered":"Referenzgalerie Poolsanierung mit Neubau Terrassenanschluss"},"content":{"rendered":"<section class=\"wpb-content-wrapper\"><p>[vc_row][vc_column][vc_column_text]<\/p>\n<div class=\"wd-title-block\">\n<h4><span style=\"font-family: 'Open Sans';\">Poolsanierung mit Neubau eines niveaugleichem Terrassenanschlusses<\/span><\/h4>\n<\/div>\n<div class=\"vc_row wpb_row vc_row-fluid\">\n<div class=\"wpb_column vc_column_container vc_col-sm-12\">\n<div class=\"vc_column-inner \">\n<div class=\"wpb_wrapper\">\n<div class=\"wpb_text_column wpb_content_element \">\n<div class=\"wpb_wrapper\">\n<div class=\"vc_row wpb_row vc_row-fluid\">\n<div class=\"wpb_column vc_column_container vc_col-sm-12\">\n<div class=\"vc_column-inner \">\n<div class=\"wpb_wrapper\">\n<div class=\"wpb_text_column wpb_content_element \">\n<div class=\"wpb_wrapper\">\n<p>Nach dem R\u00fcckbau der defekten Poolrandplatten und der Untergrundvorbehandlung wurden neue Poolrandplatten aus Keramik mit auf Gehrung verklebtem Winkel verlegt. An den Ecken wurden die Platten im 45\u00b0 Winkel zugeschnitten und abgerundet.<\/p>\n<p>Alle sichtbaren Fl\u00e4chen wurden mit Fliesen in der gleichen Natursteinoptik im Fugenschnitt verlegt.<\/p>\n<p>Um das Niveau der Terrasse auf die H\u00f6he des Poolrandes anheben zu k\u00f6nnen, wurden Betonschalsteinw\u00e4nde gesetzt und eine Stelzlagerkonstruktion zur \u00dcberwindung der H\u00f6henunterschiede verwendet.<\/p>\n<p>Um eine kontrollierte Entw\u00e4sserung der Fl\u00e4che zu erm\u00f6glichen, wurden Rinnenelemente gesetzt und an die vorhandene Oberfl\u00e4chenentw\u00e4sserung angeschlossen. Eine optisch dezente Optik konnte mit der Verwendung eines Schlitzaufsatzes realisiert werden.<\/p>\n<p>Das Projekt befindet sich noch in der Bauphase, 4 Treppen und 2 Anschlu\u00dffl\u00e4chen sind noch zu erstellen.<\/p>\n<\/div>\n<\/div>\n<\/div>\n<\/div>\n<\/div>\n<\/div>\n<\/div>\n<\/div>\n<\/div>\n<\/div>\n<\/div>\n<\/div>\n<p>[\/vc_column_text][\/vc_column][\/vc_row][vc_row][vc_column equalizer_column=&#8220;yes&#8220;]\r\n\r\n<div class=\"wd_empty_space\" data-heightmobile=\"20\" data-heighttablet=\"30\" data-heightdesktop=\"70\">\r\n\r\n<\/div>\r\n      \r\n\r\n\r\n\r\n        \r\n      \r\n    [\/vc_column][\/vc_row][vc_row][vc_column width=&#8220;1\/3&#8243;]\r\n\r\n\r\n\r\n<section class=\"wd-section-blog text-center style2\">\r\n  <div class=\"wd-blog-post  \" >\r\n      <h4 class=\"wd-title-element\">Verlegung Keramik Poolrandplatten<\/h4>\r\n      <p>\r\n          Auf Gehrung geschnitten und verklebt      <\/p>\r\n              <a href=\"https:\/\/terrassenbau-halle.de\/wp-content\/uploads\/2020\/07\/12_Pool_mit_Terrassenanschlu\u00df_Galerie_image001.jpg\" target=_blank>\r\n                                                 <img src=\"https:\/\/terrassenbau-halle.de\/wp-content\/uploads\/2020\/07\/12_Pool_mit_Terrassenanschlu\u00df_Vorschau_image001.jpg\" alt=\"icon\"\/>\r\n                <\/a>\r\n      <\/div>\r\n<\/section>\r\n    [\/vc_column][vc_column width=&#8220;1\/3&#8243;]\r\n\r\n\r\n\r\n<section class=\"wd-section-blog text-center style2\">\r\n  <div class=\"wd-blog-post  \" >\r\n      <h4 class=\"wd-title-element\">Erneuerung Anschlu\u00dfleitung Einstr\u00f6md\u00fcsen<\/h4>\r\n      <p>\r\n          PVC Rohrleitung verklebt      <\/p>\r\n              <a href=\"https:\/\/terrassenbau-halle.de\/wp-content\/uploads\/2020\/07\/12_Pool_mit_Terrassenanschlu\u00df_Galerie_image002.jpg\" target=_blank>\r\n                                                 <img src=\"https:\/\/terrassenbau-halle.de\/wp-content\/uploads\/2020\/07\/12_Pool_mit_Terrassenanschlu\u00df_Vorschau_image002.jpg\" alt=\"icon\"\/>\r\n                <\/a>\r\n      <\/div>\r\n<\/section>\r\n    [\/vc_column][vc_column width=&#8220;1\/3&#8243;]\r\n\r\n\r\n\r\n<section class=\"wd-section-blog text-center style2\">\r\n  <div class=\"wd-blog-post  \" >\r\n      <h4 class=\"wd-title-element\">Revisionsschacht<\/h4>\r\n      <p>\r\n          Zur Entleerung der Ringleitung      <\/p>\r\n              <a href=\"https:\/\/terrassenbau-halle.de\/wp-content\/uploads\/2020\/07\/12_Pool_mit_Terrassenanschlu\u00df_Galerie_image003.jpg\" target=_blank>\r\n                                                 <img src=\"https:\/\/terrassenbau-halle.de\/wp-content\/uploads\/2020\/07\/12_Pool_mit_Terrassenanschlu\u00df_Vorschau_image003.jpg\" alt=\"icon\"\/>\r\n                <\/a>\r\n      <\/div>\r\n<\/section>\r\n    [\/vc_column][\/vc_row][vc_row][vc_column width=&#8220;1\/3&#8243;]\r\n\r\n\r\n\r\n<section class=\"wd-section-blog text-center style2\">\r\n  <div class=\"wd-blog-post  \" >\r\n      <h4 class=\"wd-title-element\">Altbelag am Pool<\/h4>\r\n      <p>\r\n          Fundament Schalsteinwand      <\/p>\r\n              <a href=\"https:\/\/terrassenbau-halle.de\/wp-content\/uploads\/2020\/07\/12_Pool_mit_Terrassenanschlu\u00df_Galerie_image004.jpg\" target=_blank>\r\n                                                 <img src=\"https:\/\/terrassenbau-halle.de\/wp-content\/uploads\/2020\/07\/12_Pool_mit_Terrassenanschlu\u00df_Vorschau_image004.jpg\" alt=\"icon\"\/>\r\n                <\/a>\r\n      <\/div>\r\n<\/section>\r\n    [\/vc_column][vc_column width=&#8220;1\/3&#8243;]\r\n\r\n\r\n\r\n<section class=\"wd-section-blog text-center style2\">\r\n  <div class=\"wd-blog-post  \" >\r\n      <h4 class=\"wd-title-element\">Gr\u00fcndung Schalsteinwan<\/h4>\r\n      <p>\r\n          mit Treppenanschlu\u00df      <\/p>\r\n              <a href=\"https:\/\/terrassenbau-halle.de\/wp-content\/uploads\/2020\/07\/12_Pool_mit_Terrassenanschlu\u00df_Galerie_image005.jpg\" target=_blank>\r\n                                                 <img src=\"https:\/\/terrassenbau-halle.de\/wp-content\/uploads\/2020\/07\/12_Pool_mit_Terrassenanschlu\u00df_Vorschau_image005.jpg\" alt=\"icon\"\/>\r\n                <\/a>\r\n      <\/div>\r\n<\/section>\r\n    [\/vc_column][vc_column width=&#8220;1\/3&#8243;]\r\n\r\n\r\n\r\n<section class=\"wd-section-blog text-center style2\">\r\n  <div class=\"wd-blog-post  \" >\r\n      <h4 class=\"wd-title-element\">Schalsteinwand<\/h4>\r\n      <p>\r\n          mit Treppenanschlu\u00df      <\/p>\r\n              <a href=\"https:\/\/terrassenbau-halle.de\/wp-content\/uploads\/2020\/07\/12_Pool_mit_Terrassenanschlu\u00df_Galerie_image006.jpg\" target=_blank>\r\n                                                 <img src=\"https:\/\/terrassenbau-halle.de\/wp-content\/uploads\/2020\/07\/12_Pool_mit_Terrassenanschlu\u00df_Vorschau_image006.jpg\" alt=\"icon\"\/>\r\n                <\/a>\r\n      <\/div>\r\n<\/section>\r\n    [\/vc_column][\/vc_row][vc_row][vc_column width=&#8220;1\/3&#8243;]\r\n\r\n\r\n\r\n<section class=\"wd-section-blog text-center style2\">\r\n  <div class=\"wd-blog-post  \" >\r\n      <h4 class=\"wd-title-element\">Schalsteinwand<\/h4>\r\n      <p>\r\n          Fertig mit Untergrundvorbehandlung      <\/p>\r\n              <a href=\"https:\/\/terrassenbau-halle.de\/wp-content\/uploads\/2020\/07\/12_Pool_mit_Terrassenanschlu\u00df_Galerie_image007.jpg\" target=_blank>\r\n                                                 <img src=\"https:\/\/terrassenbau-halle.de\/wp-content\/uploads\/2020\/07\/12_Pool_mit_Terrassenanschlu\u00df_Vorschau_image007.jpg\" alt=\"icon\"\/>\r\n                <\/a>\r\n      <\/div>\r\n<\/section>\r\n    [\/vc_column][vc_column width=&#8220;1\/3&#8243;]\r\n\r\n\r\n\r\n<section class=\"wd-section-blog text-center style2\">\r\n  <div class=\"wd-blog-post  \" >\r\n      <h4 class=\"wd-title-element\">Entw\u00e4sserungsrinne<\/h4>\r\n      <p>\r\n          Mit Anschlu\u00df an Grundleitung      <\/p>\r\n              <a href=\"https:\/\/terrassenbau-halle.de\/wp-content\/uploads\/2020\/07\/12_Pool_mit_Terrassenanschlu\u00df_Galerie_image008.jpg\" target=_blank>\r\n                                                 <img src=\"https:\/\/terrassenbau-halle.de\/wp-content\/uploads\/2020\/07\/12_Pool_mit_Terrassenanschlu\u00df_Vorschau_image008.jpg\" alt=\"icon\"\/>\r\n                <\/a>\r\n      <\/div>\r\n<\/section>\r\n    [\/vc_column][vc_column width=&#8220;1\/3&#8243;]\r\n\r\n\r\n\r\n<section class=\"wd-section-blog text-center style2\">\r\n  <div class=\"wd-blog-post  \" >\r\n      <h4 class=\"wd-title-element\">Terrassenbegrenzung rechts<\/h4>\r\n      <p>\r\n          Mit Vorbereitung f\u00fcr Treppenfundament      <\/p>\r\n              <a href=\"https:\/\/terrassenbau-halle.de\/wp-content\/uploads\/2020\/07\/12_Pool_mit_Terrassenanschlu\u00df_Galerie_image009.jpg\" target=_blank>\r\n                                                 <img src=\"https:\/\/terrassenbau-halle.de\/wp-content\/uploads\/2020\/07\/12_Pool_mit_Terrassenanschlu\u00df_Vorschau_image009.jpg\" alt=\"icon\"\/>\r\n                <\/a>\r\n      <\/div>\r\n<\/section>\r\n    [\/vc_column][\/vc_row][vc_row][vc_column width=&#8220;1\/3&#8243;]\r\n\r\n\r\n\r\n<section class=\"wd-section-blog text-center style2\">\r\n  <div class=\"wd-blog-post  \" >\r\n      <h4 class=\"wd-title-element\">Terrassenbegrenzung links<\/h4>\r\n      <p>\r\n          Mit Vorbereitung f\u00fcr Treppenfundament      <\/p>\r\n              <a href=\"https:\/\/terrassenbau-halle.de\/wp-content\/uploads\/2020\/07\/12_Pool_mit_Terrassenanschlu\u00df_Galerie_image010.jpg\" target=_blank>\r\n                                                 <img src=\"https:\/\/terrassenbau-halle.de\/wp-content\/uploads\/2020\/07\/12_Pool_mit_Terrassenanschlu\u00df_Vorschau_image010.jpg\" alt=\"icon\"\/>\r\n                <\/a>\r\n      <\/div>\r\n<\/section>\r\n    [\/vc_column][vc_column width=&#8220;1\/3&#8243;]\r\n\r\n\r\n\r\n<section class=\"wd-section-blog text-center style2\">\r\n  <div class=\"wd-blog-post  \" >\r\n      <h4 class=\"wd-title-element\">Fertiger Terrassenbelag<\/h4>\r\n      <p>\r\n          Mit Wandverkleidung und Entw\u00e4sserung      <\/p>\r\n              <a href=\"https:\/\/terrassenbau-halle.de\/wp-content\/uploads\/2020\/07\/12_Pool_mit_Terrassenanschlu\u00df_Galerie_image011.jpg\" target=_blank>\r\n                                                 <img src=\"https:\/\/terrassenbau-halle.de\/wp-content\/uploads\/2020\/07\/12_Pool_mit_Terrassenanschlu\u00df_Vorschau_image011.jpg\" alt=\"icon\"\/>\r\n                <\/a>\r\n      <\/div>\r\n<\/section>\r\n    [\/vc_column][\/vc_row]<\/p>\n<\/section>","protected":false},"excerpt":{"rendered":"<p>[vc_row][vc_column][vc_column_text] Poolsanierung mit Neubau eines niveaugleichem Terrassenanschlusses Nach dem R\u00fcckbau der defekten Poolrandplatten und der Untergrundvorbehandlung wurden neue Poolrandplatten aus Keramik mit auf Gehrung verklebtem Winkel verlegt. An den Ecken wurden die Platten im 45\u00b0 Winkel zugeschnitten und abgerundet. Alle sichtbaren Fl\u00e4chen wurden mit Fliesen in der gleichen Natursteinoptik im Fugenschnitt verlegt. Um das Niveau [&hellip;]<\/p>\n","protected":false},"author":1,"featured_media":0,"parent":0,"menu_order":0,"comment_status":"closed","ping_status":"open","template":"","meta":[],"_links":{"self":[{"href":"https:\/\/terrassenbau-halle.de\/index.php?rest_route=\/wp\/v2\/pages\/2319"}],"collection":[{"href":"https:\/\/terrassenbau-halle.de\/index.php?rest_route=\/wp\/v2\/pages"}],"about":[{"href":"https:\/\/terrassenbau-halle.de\/index.php?rest_route=\/wp\/v2\/types\/page"}],"author":[{"embeddable":true,"href":"https:\/\/terrassenbau-halle.de\/index.php?rest_route=\/wp\/v2\/users\/1"}],"replies":[{"embeddable":true,"href":"https:\/\/terrassenbau-halle.de\/index.php?rest_route=%2Fwp%2Fv2%2Fcomments&post=2319"}],"version-history":[{"count":8,"href":"https:\/\/terrassenbau-halle.de\/index.php?rest_route=\/wp\/v2\/pages\/2319\/revisions"}],"predecessor-version":[{"id":2839,"href":"https:\/\/terrassenbau-halle.de\/index.php?rest_route=\/wp\/v2\/pages\/2319\/revisions\/2839"}],"wp:attachment":[{"href":"https:\/\/terrassenbau-halle.de\/index.php?rest_route=%2Fwp%2Fv2%2Fmedia&parent=2319"}],"curies":[{"name":"wp","href":"https:\/\/api.w.org\/{rel}","templated":true}]}}