{"id":2203,"date":"2019-02-02T15:30:58","date_gmt":"2019-02-02T15:30:58","guid":{"rendered":"https:\/\/terrassenbau-halle.de\/?page_id=2203"},"modified":"2019-02-02T16:28:39","modified_gmt":"2019-02-02T16:28:39","slug":"kontakt-kopie","status":"publish","type":"page","link":"https:\/\/terrassenbau-halle.de\/?page_id=2203","title":{"rendered":"Kontakt"},"content":{"rendered":"<section class=\"wpb-content-wrapper\"><p>[vc_row][vc_column]\r\n\r\n<div class=\"\" >\r\n  <div class=\"large-12 columns  wd-title-section_c\" >\r\n      <h2>Kontakt<\/h2>\r\n        <h5>&amp;nbsp<\/h5>\r\n    \r\n  <\/div>\r\n<\/div>\r\n\r\n  \r\n[\/vc_column][\/vc_row][vc_row font_color=&#8220;#333333&#8243;][vc_column][vc_column_text]<\/p>\n<h5><span style=\"color: #333333;\">Unsere umfangreiche Musterausstellung am Firmensitz im Nu\u00dfweg 3b in Halle steht Ihnen jederzeit f\u00fcr eine Besichtigung zur Verf\u00fcgung. Auf dem nachfolgenden Kartenausschnitt haben wir Ihnen unseren Standort markiert und Sie haben die M\u00f6glichkeit, eine Route zu uns zu berechnen.<\/span><\/h5>\n<h5><span style=\"color: #333333;\">Wir bitten Sie vor der Benutzung des Kartenausschnittes um Ihr Einverst\u00e4ndnis zur Daten\u00fcbermittlung an den Kartenanbieter Google Maps.<\/span><\/h5>\n<p>[\/vc_column_text][\/vc_column][\/vc_row][vc_row][vc_column]\r\n\r\n<div class=\"wd_empty_space\" data-heightmobile=\"20\" data-heighttablet=\"30\" data-heightdesktop=\"70\">\r\n\r\n<\/div>\r\n      \r\n\r\n\r\n\r\n        \r\n      \r\n    [\/vc_column][\/vc_row][vc_row][vc_column][vc_gmaps link=&#8220;#E-8_JTNDaWZyYW1lJTIwc3JjJTNEJTIyaHR0cHMlM0ElMkYlMkZ3d3cuZ29vZ2xlLmNvbSUyRm1hcHMlMkZlbWJlZCUzRnBiJTNEJTIxMW0xOCUyMTFtMTIlMjExbTMlMjExZDE5ODg4LjcyNTA2OTYwMDEyJTIxMmQxMS45ODkxMjE2NDAwNjU3ODYlMjEzZDUxLjQ1NjQ5NTE5MTQ0Mjg0JTIxMm0zJTIxMWYwJTIxMmYwJTIxM2YwJTIxM20yJTIxMWkxMDI0JTIxMmk3NjglMjE0ZjEzLjElMjEzbTMlMjExbTIlMjExczB4NDdhNjYzMGViOWZiZjYyNSUyNTNBMHgxN2VkM2FmOGY2YTY0YjUxJTIxMnNIYW5kZWxzYWdlbnR1ciUyQkFuZHJlYXMlMkJHJTI1QzMlMjVCQ250aGVyJTJCLSUyQmtlcmFtaXNjaGUlMkJUZXJyYXNzZW5wbGF0dGVuJTJCdW5kJTJCVGVycmFzc2VuYmF1JTIxNWUwJTIxM20yJTIxMXNkZSUyMTJzZGUlMjE0djE1NDg1MDExNjYzMDElMjIlMjB3aWR0aCUzRCUyMjYwMCUyMiUyMGhlaWdodCUzRCUyMjQ1MCUyMiUyMGZyYW1lYm9yZGVyJTNEJTIyMCUyMiUyMHN0eWxlJTNEJTIyYm9yZGVyJTNBMCUyMiUyMGFsbG93ZnVsbHNjcmVlbiUzRSUzQyUyRmlmcmFtZSUzRQ==&#8220;][\/vc_column][\/vc_row][vc_row][vc_column]\r\n\r\n<div class=\"wd_empty_space\" data-heightmobile=\"20\" data-heighttablet=\"30\" data-heightdesktop=\"70\">\r\n\r\n<\/div>\r\n      \r\n\r\n\r\n\r\n        \r\n      \r\n    [\/vc_column][\/vc_row][vc_row][vc_column][vc_column_text]<\/p>\n<h5><span style=\"color: #333333;\">Wenn Sie uns eine Nachricht zukommen lassen m\u00f6chten, f\u00fcllen Sie bitte nachfolgende Formularfelder aus\u00a0 und klicken anschlie\u00dfend auf den Knopf\u00a0 &#8222;SENDEN&#8220;.<\/span><\/h5>\n<p>[\/vc_column_text][\/vc_column][\/vc_row][vc_row][vc_column]\r\n\r\n<div class=\"wd_empty_space\" data-heightmobile=\"30\" data-heighttablet=\"60\" data-heightdesktop=\"70\">\r\n\r\n<\/div>\r\n      \r\n\r\n\r\n\r\n        \r\n      \r\n    [\/vc_column][\/vc_row][vc_row][vc_column]\n<div class=\"wpcf7 no-js\" id=\"wpcf7-f701-o1\" lang=\"en-US\" dir=\"ltr\">\n<div class=\"screen-reader-response\"><p role=\"status\" aria-live=\"polite\" aria-atomic=\"true\"><\/p> <ul><\/ul><\/div>\n<form action=\"\/index.php?rest_route=%2Fwp%2Fv2%2Fpages%2F2203#wpcf7-f701-o1\" method=\"post\" class=\"wpcf7-form init\" aria-label=\"Contact form\" novalidate=\"novalidate\" data-status=\"init\">\n<div style=\"display: none;\">\n<input type=\"hidden\" name=\"_wpcf7\" value=\"701\" \/>\n<input type=\"hidden\" name=\"_wpcf7_version\" value=\"5.7.7\" \/>\n<input type=\"hidden\" name=\"_wpcf7_locale\" value=\"en_US\" \/>\n<input type=\"hidden\" name=\"_wpcf7_unit_tag\" value=\"wpcf7-f701-o1\" \/>\n<input type=\"hidden\" name=\"_wpcf7_container_post\" value=\"0\" \/>\n<input type=\"hidden\" name=\"_wpcf7_posted_data_hash\" value=\"\" \/>\n<\/div>\n<div class=\"large-4 columns\">\n\t<p><span class=\"wpcf7-form-control-wrap\" data-name=\"your-name\"><input size=\"40\" class=\"wpcf7-form-control wpcf7-text wpcf7-validates-as-required\" aria-required=\"true\" aria-invalid=\"false\" placeholder=\"Name\" value=\"\" type=\"text\" name=\"your-name\" \/><\/span>\n\t<\/p>\n<\/div>\n<div class=\"large-4 columns\">\n\t<p><span class=\"wpcf7-form-control-wrap\" data-name=\"your-email\"><input size=\"40\" class=\"wpcf7-form-control wpcf7-text wpcf7-email wpcf7-validates-as-required wpcf7-validates-as-email\" aria-required=\"true\" aria-invalid=\"false\" placeholder=\"E-Mail Adresse\" value=\"\" type=\"email\" name=\"your-email\" \/><\/span>\n\t<\/p>\n<\/div>\n<div class=\"large-4 columns\">\n\t<p><span class=\"wpcf7-form-control-wrap\" data-name=\"your-phone\"><input size=\"40\" class=\"wpcf7-form-control wpcf7-text wpcf7-tel wpcf7-validates-as-tel\" aria-invalid=\"false\" placeholder=\"Telefon\" value=\"\" type=\"tel\" name=\"your-phone\" \/><\/span>\n\t<\/p>\n<\/div>\n<div class=\"large-4 columns\">\n\t<p><span class=\"wpcf7-form-control-wrap\" data-name=\"your-subject\"><input size=\"40\" class=\"wpcf7-form-control wpcf7-text wpcf7-validates-as-required\" aria-required=\"true\" aria-invalid=\"false\" placeholder=\"Betreff\" value=\"\" type=\"text\" name=\"your-subject\" \/><\/span>\n\t<\/p>\n<\/div>\n<div class=\"large-12 columns\">\n\t<p><span class=\"wpcf7-form-control-wrap\" data-name=\"your-message\"><textarea cols=\"40\" rows=\"10\" class=\"wpcf7-form-control wpcf7-textarea\" aria-invalid=\"false\" placeholder=\"Ihre Mitteilung an uns\" name=\"your-message\"><\/textarea><\/span>\n\t<\/p>\n<\/div>\n<div class=\"large-12 columns text-center\">\n\t<p><input class=\"wpcf7-form-control has-spinner wpcf7-submit button small\" type=\"submit\" value=\"Send\" \/>\n\t<\/p>\n<\/div><div class=\"wpcf7-response-output\" aria-hidden=\"true\"><\/div>\n<\/form>\n<\/div>\n[\/vc_column][\/vc_row][vc_row][vc_column]\r\n\r\n<div class=\"wd_empty_space\" data-heightmobile=\"20\" data-heighttablet=\"30\" data-heightdesktop=\"70\">\r\n\r\n<\/div>\r\n      \r\n\r\n\r\n\r\n        \r\n      \r\n    [\/vc_column][\/vc_row][vc_row content_placement=&#8220;middle&#8220;][vc_column][vc_column_text]<\/p>\n<h5><span style=\"color: #333333;\">Gern beraten wir Sie zu den verschiedenen Stilrichtungen und Farben unseres Keramikplattensortiments sowie zu den technischen Eigenschaften und dem Einbau.<\/span><\/h5>\n<h5><span style=\"color: #333333;\">Unser Verkaufsb\u00fcro ist immer Freitags von 9:00-12:00 Uhr und von 13:00-16:00 Uhr ge\u00f6ffnet.\u00a0Damit wir Ihnen im Gespr\u00e4ch alle Fragen beantworten k\u00f6nnen, bitten wir Sie um Kontaktaufnahme und die Vereinbarung eines Beratungstermins.<\/span><\/h5>\n<p>[\/vc_column_text][\/vc_column][\/vc_row][vc_row][vc_column]\r\n\r\n<div class=\"wd_empty_space\" data-heightmobile=\"30\" data-heighttablet=\"60\" data-heightdesktop=\"70\">\r\n\r\n<\/div>\r\n      \r\n\r\n\r\n\r\n        \r\n      \r\n    [\/vc_column][\/vc_row]<\/p>\n<\/section>","protected":false},"excerpt":{"rendered":"<p>[vc_row][vc_column][\/vc_column][\/vc_row][vc_row font_color=&#8220;#333333&#8243;][vc_column][vc_column_text] Unsere umfangreiche Musterausstellung am Firmensitz im Nu\u00dfweg 3b in Halle steht Ihnen jederzeit f\u00fcr eine Besichtigung zur Verf\u00fcgung. Auf dem nachfolgenden Kartenausschnitt haben wir Ihnen unseren Standort markiert und Sie haben die M\u00f6glichkeit, eine Route zu uns zu berechnen. Wir bitten Sie vor der Benutzung des Kartenausschnittes um Ihr Einverst\u00e4ndnis zur Daten\u00fcbermittlung an [&hellip;]<\/p>\n","protected":false},"author":1,"featured_media":0,"parent":0,"menu_order":0,"comment_status":"closed","ping_status":"closed","template":"","meta":[],"_links":{"self":[{"href":"https:\/\/terrassenbau-halle.de\/index.php?rest_route=\/wp\/v2\/pages\/2203"}],"collection":[{"href":"https:\/\/terrassenbau-halle.de\/index.php?rest_route=\/wp\/v2\/pages"}],"about":[{"href":"https:\/\/terrassenbau-halle.de\/index.php?rest_route=\/wp\/v2\/types\/page"}],"author":[{"embeddable":true,"href":"https:\/\/terrassenbau-halle.de\/index.php?rest_route=\/wp\/v2\/users\/1"}],"replies":[{"embeddable":true,"href":"https:\/\/terrassenbau-halle.de\/index.php?rest_route=%2Fwp%2Fv2%2Fcomments&post=2203"}],"version-history":[{"count":11,"href":"https:\/\/terrassenbau-halle.de\/index.php?rest_route=\/wp\/v2\/pages\/2203\/revisions"}],"predecessor-version":[{"id":2215,"href":"https:\/\/terrassenbau-halle.de\/index.php?rest_route=\/wp\/v2\/pages\/2203\/revisions\/2215"}],"wp:attachment":[{"href":"https:\/\/terrassenbau-halle.de\/index.php?rest_route=%2Fwp%2Fv2%2Fmedia&parent=2203"}],"curies":[{"name":"wp","href":"https:\/\/api.w.org\/{rel}","templated":true}]}}