{"id":2123,"date":"2019-02-02T09:40:55","date_gmt":"2019-02-02T09:40:55","guid":{"rendered":"https:\/\/terrassenbau-halle.de\/?page_id=2123"},"modified":"2020-08-15T09:18:11","modified_gmt":"2020-08-15T09:18:11","slug":"referenzgalerie-terrasse-designeiche","status":"publish","type":"page","link":"https:\/\/terrassenbau-halle.de\/?page_id=2123","title":{"rendered":"Referenzgalerie Terrasse Designeiche"},"content":{"rendered":"<section class=\"wpb-content-wrapper\"><p>[vc_row][vc_column][vc_column_text]<\/p>\n<div class=\"wd-title-block\">\n<h4><span style=\"font-family: 'Open Sans';\">Terrasse Designeiche<\/span><\/h4>\n<\/div>\n<div class=\"vc_row wpb_row vc_row-fluid\">\n<div class=\"wpb_column vc_column_container vc_col-sm-12\">\n<div class=\"vc_column-inner \">\n<div class=\"wpb_wrapper\">\n<div class=\"wpb_text_column wpb_content_element \">\n<div class=\"wpb_wrapper\">\n<p>Der Bodenbelag besteht aus Holzoptik Keramikplatten im Format 40x120x2 cm hellbraun und weist markante Maserungen von Eichenhoz auf. Der Dieleneffekt wird durch die hell-dunkel Kontraste innerhalb der Plattentextur betont.<\/p>\n<p>Um den Wasserstau auf dem vorhandenen\u00a0 Stahlbeton-Unterbau zu beenden, wurde ein zus\u00e4tzlicher Estrich mit 3% Gef\u00e4lle und nachfolgender Abdichtung eingebaut. F\u00fcr die Fl\u00e4chenerweiterung der Terrasse wurde Randsteine gesetzt und mit Natursteingranulat aufgeschottert. Darauf erfolgte die Verlegung der Platten im Splittbett.<\/p>\n<p>Zur Beleuchtung wurden Stehlampen auf Pfeilerelementen aus Beton aufgesetzt.<\/p>\n<\/div>\n<\/div>\n<\/div>\n<\/div>\n<\/div>\n<\/div>\n<p>[\/vc_column_text][\/vc_column][\/vc_row][vc_row][vc_column equalizer_column=&#8220;yes&#8220;]\r\n\r\n<div class=\"wd_empty_space\" data-heightmobile=\"20\" data-heighttablet=\"30\" data-heightdesktop=\"70\">\r\n\r\n<\/div>\r\n      \r\n\r\n\r\n\r\n        \r\n      \r\n    [\/vc_column][\/vc_row][vc_row][vc_column width=&#8220;1\/3&#8243;]\r\n\r\n\r\n\r\n<section class=\"wd-section-blog text-center style2\">\r\n  <div class=\"wd-blog-post  \" >\r\n      <h4 class=\"wd-title-element\">Gef\u00e4lleestrich<\/h4>\r\n      <p>\r\n          Abdichtung und Anschluss am Sockelbereich      <\/p>\r\n              <a href=\"https:\/\/terrassenbau-halle.de\/wp-content\/uploads\/2019\/02\/IMG_0252.jpg\" target=_blank>\r\n                                                 <img src=\"https:\/\/terrassenbau-halle.de\/wp-content\/uploads\/2019\/02\/IMG_0252-1024x683.jpg\" alt=\"icon\"\/>\r\n                <\/a>\r\n      <\/div>\r\n<\/section>\r\n    [\/vc_column][vc_column width=&#8220;1\/3&#8243;]\r\n\r\n\r\n\r\n<section class=\"wd-section-blog text-center style2\">\r\n  <div class=\"wd-blog-post  \" >\r\n      <h4 class=\"wd-title-element\">Terrassenerweiterung<\/h4>\r\n      <p>\r\n          Randsteine und frostfreie Gr\u00fcndung mit Natursteingranulat      <\/p>\r\n              <a href=\"https:\/\/terrassenbau-halle.de\/wp-content\/uploads\/2019\/02\/IMG_0254.jpg\" target=_blank>\r\n                                                 <img src=\"https:\/\/terrassenbau-halle.de\/wp-content\/uploads\/2019\/02\/IMG_0254-1024x683.jpg\" alt=\"icon\"\/>\r\n                <\/a>\r\n      <\/div>\r\n<\/section>\r\n    [\/vc_column][vc_column width=&#8220;1\/3&#8243;]\r\n\r\n\r\n\r\n<section class=\"wd-section-blog text-center style2\">\r\n  <div class=\"wd-blog-post  \" >\r\n      <h4 class=\"wd-title-element\">Terrassenbeleuchtung<\/h4>\r\n      <p>\r\n          Stehlampen auf Sockelelementen      <\/p>\r\n              <a href=\"https:\/\/terrassenbau-halle.de\/wp-content\/uploads\/2019\/02\/IMG_0284.jpg\" target=_blank>\r\n                                                 <img src=\"https:\/\/terrassenbau-halle.de\/wp-content\/uploads\/2019\/02\/IMG_0284-1024x683.jpg\" alt=\"icon\"\/>\r\n                <\/a>\r\n      <\/div>\r\n<\/section>\r\n    [\/vc_column][\/vc_row][vc_row][vc_column width=&#8220;1\/3&#8243;]\r\n\r\n\r\n\r\n<section class=\"wd-section-blog text-center style2\">\r\n  <div class=\"wd-blog-post  \" >\r\n      <h4 class=\"wd-title-element\">Plattenverlegung<\/h4>\r\n      <p>\r\n          Im Splittbett mit Fugenkreuzen      <\/p>\r\n              <a href=\"https:\/\/terrassenbau-halle.de\/wp-content\/uploads\/2019\/02\/IMG_0306.jpg\" target=_blank>\r\n                                                 <img src=\"https:\/\/terrassenbau-halle.de\/wp-content\/uploads\/2019\/02\/IMG_0306-1024x683.jpg\" alt=\"icon\"\/>\r\n                <\/a>\r\n      <\/div>\r\n<\/section>\r\n    [\/vc_column][vc_column width=&#8220;1\/3&#8243;]\r\n\r\n\r\n\r\n<section class=\"wd-section-blog text-center style2\">\r\n  <div class=\"wd-blog-post  \" >\r\n      <h4 class=\"wd-title-element\">Terrasse mit Gartenm\u00f6beln<\/h4>\r\n      <p>\r\n          .      <\/p>\r\n              <a href=\"https:\/\/terrassenbau-halle.de\/wp-content\/uploads\/2019\/02\/IMG_0309.jpg\" target=_blank>\r\n                                                 <img src=\"https:\/\/terrassenbau-halle.de\/wp-content\/uploads\/2019\/02\/IMG_0309-1024x683.jpg\" alt=\"icon\"\/>\r\n                <\/a>\r\n      <\/div>\r\n<\/section>\r\n    [\/vc_column][vc_column width=&#8220;1\/3&#8243;]\r\n\r\n\r\n\r\n<section class=\"wd-section-blog text-center style2\">\r\n  <div class=\"wd-blog-post  \" >\r\n      <h4 class=\"wd-title-element\">Terrasse mit Gartenm\u00f6beln<\/h4>\r\n      <p>\r\n          .      <\/p>\r\n              <a href=\"https:\/\/terrassenbau-halle.de\/wp-content\/uploads\/2019\/02\/IMG_0312.jpg\" target=_blank>\r\n                                                 <img src=\"https:\/\/terrassenbau-halle.de\/wp-content\/uploads\/2019\/02\/IMG_0312-1024x683.jpg\" alt=\"icon\"\/>\r\n                <\/a>\r\n      <\/div>\r\n<\/section>\r\n    [\/vc_column][\/vc_row][vc_row][vc_column width=&#8220;1\/3&#8243;]\r\n\r\n\r\n\r\n<section class=\"wd-section-blog text-center style2\">\r\n  <div class=\"wd-blog-post  \" >\r\n      <h4 class=\"wd-title-element\">Bodenbelag im Detail<\/h4>\r\n      <p>\r\n          Variierende Nuancierung      <\/p>\r\n              <a href=\"https:\/\/terrassenbau-halle.de\/wp-content\/uploads\/2019\/02\/IMG_0314.jpg\" target=_blank>\r\n                                                 <img src=\"https:\/\/terrassenbau-halle.de\/wp-content\/uploads\/2019\/02\/IMG_0314-1024x683.jpg\" alt=\"icon\"\/>\r\n                <\/a>\r\n      <\/div>\r\n<\/section>\r\n    [\/vc_column][vc_column width=&#8220;1\/3&#8243;]\r\n\r\n\r\n\r\n<section class=\"wd-section-blog text-center style2\">\r\n  <div class=\"wd-blog-post  \" >\r\n      <h4 class=\"wd-title-element\">Hauseingang<\/h4>\r\n      <p>\r\n          Betonplatten durch Keramikplatten ersetzt      <\/p>\r\n              <a href=\"https:\/\/terrassenbau-halle.de\/wp-content\/uploads\/2019\/02\/IMG_0755.jpg\" target=_blank>\r\n                                                 <img src=\"https:\/\/terrassenbau-halle.de\/wp-content\/uploads\/2019\/02\/IMG_0755-1024x683.jpg\" alt=\"icon\"\/>\r\n                <\/a>\r\n      <\/div>\r\n<\/section>\r\n    [\/vc_column][vc_column width=&#8220;1\/3&#8243;][\/vc_column][\/vc_row]<\/p>\n<\/section>","protected":false},"excerpt":{"rendered":"<p>[vc_row][vc_column][vc_column_text] Terrasse Designeiche Der Bodenbelag besteht aus Holzoptik Keramikplatten im Format 40x120x2 cm hellbraun und weist markante Maserungen von Eichenhoz auf. Der Dieleneffekt wird durch die hell-dunkel Kontraste innerhalb der Plattentextur betont. Um den Wasserstau auf dem vorhandenen\u00a0 Stahlbeton-Unterbau zu beenden, wurde ein zus\u00e4tzlicher Estrich mit 3% Gef\u00e4lle und nachfolgender Abdichtung eingebaut. F\u00fcr die Fl\u00e4chenerweiterung [&hellip;]<\/p>\n","protected":false},"author":1,"featured_media":0,"parent":0,"menu_order":0,"comment_status":"closed","ping_status":"open","template":"","meta":[],"_links":{"self":[{"href":"https:\/\/terrassenbau-halle.de\/index.php?rest_route=\/wp\/v2\/pages\/2123"}],"collection":[{"href":"https:\/\/terrassenbau-halle.de\/index.php?rest_route=\/wp\/v2\/pages"}],"about":[{"href":"https:\/\/terrassenbau-halle.de\/index.php?rest_route=\/wp\/v2\/types\/page"}],"author":[{"embeddable":true,"href":"https:\/\/terrassenbau-halle.de\/index.php?rest_route=\/wp\/v2\/users\/1"}],"replies":[{"embeddable":true,"href":"https:\/\/terrassenbau-halle.de\/index.php?rest_route=%2Fwp%2Fv2%2Fcomments&post=2123"}],"version-history":[{"count":5,"href":"https:\/\/terrassenbau-halle.de\/index.php?rest_route=\/wp\/v2\/pages\/2123\/revisions"}],"predecessor-version":[{"id":2840,"href":"https:\/\/terrassenbau-halle.de\/index.php?rest_route=\/wp\/v2\/pages\/2123\/revisions\/2840"}],"wp:attachment":[{"href":"https:\/\/terrassenbau-halle.de\/index.php?rest_route=%2Fwp%2Fv2%2Fmedia&parent=2123"}],"curies":[{"name":"wp","href":"https:\/\/api.w.org\/{rel}","templated":true}]}}