{"id":2053,"date":"2019-01-31T14:14:48","date_gmt":"2019-01-31T14:14:48","guid":{"rendered":"https:\/\/terrassenbau-halle.de\/?page_id=2053"},"modified":"2020-08-15T09:14:55","modified_gmt":"2020-08-15T09:14:55","slug":"referenzgalerie-hauseingang-mit-keramischen-mauerabdeckungen","status":"publish","type":"page","link":"https:\/\/terrassenbau-halle.de\/?page_id=2053","title":{"rendered":"Referenzgalerie Hauseingang mit keramischen Mauerabdeckungen"},"content":{"rendered":"<section class=\"wpb-content-wrapper\"><p>[vc_row][vc_column][vc_column_text]<\/p>\n<div class=\"wd-title-block\">\n<h4>Projektbeschreibung<\/h4>\n<\/div>\n<div class=\"vc_row wpb_row vc_row-fluid\">\n<div class=\"wpb_column vc_column_container vc_col-sm-12\">\n<div class=\"vc_column-inner \">\n<div class=\"wpb_wrapper\">\n<div class=\"wpb_text_column wpb_content_element \">\n<div class=\"wpb_wrapper\">\n<p>Hauseingang mit keramischen Mauerabdeckungen<\/p>\n<p>Nach dem R\u00fcckbau der alten Zuwegung der freitragenden Trittplatten wurde die frostfreie Gr\u00fcndung auf der gesamten Fl\u00e4che mit Natursteingranulat aufgebaut. Darauf erfolgte der Aufbau der neuen Treppenstufenrohlinge sowie die Randsteine aus Granit.<\/p>\n<p>Die St\u00fctzmauer aus gemauerten Granitsteinen musste erh\u00f6ht und an das neue Treppenprofil angepasst werden. Aus den Keramikplatten wurden Mauerabdeckungen mit Tropfnase im Format 30x60x2 cm angefertigt und verlegt.<\/p>\n<p>Die Keramikplatten im Format 60x120x2 cm wurden in der Fl\u00e4che sowie als Sonderformelement mit verklebter Sichtkante als Treppenstufen verlegt. Abschlie\u00dfend wurde die Treppenwange seitlich mit Fliesen verkleidet.<\/p>\n<\/div>\n<\/div>\n<\/div>\n<\/div>\n<\/div>\n<\/div>\n<p>[\/vc_column_text][\/vc_column][\/vc_row][vc_row][vc_column equalizer_column=&#8220;yes&#8220;]\r\n\r\n<div class=\"wd_empty_space\" data-heightmobile=\"20\" data-heighttablet=\"30\" data-heightdesktop=\"70\">\r\n\r\n<\/div>\r\n      \r\n\r\n\r\n\r\n        \r\n      \r\n    [\/vc_column][\/vc_row][vc_row][vc_column width=&#8220;1\/3&#8243;]\r\n\r\n\r\n\r\n<section class=\"wd-section-blog text-center style2\">\r\n  <div class=\"wd-blog-post  \" >\r\n      <h4 class=\"wd-title-element\">Randbegrenzung im Gef\u00e4lle<\/h4>\r\n      <p>\r\n          Zuschnitt und Versatz als Palisade mit M\u00f6rtelbett      <\/p>\r\n              <a href=\"http:\/\/Hier klicken um zur Bildergalerie zu gelangen\" target=_blank>\r\n                                                 <img src=\"https:\/\/terrassenbau-halle.de\/wp-content\/uploads\/2019\/01\/Hauseingang_image001-1024x576.jpg\" alt=\"icon\"\/>\r\n                <\/a>\r\n      <\/div>\r\n<\/section>\r\n    [\/vc_column][vc_column width=&#8220;1\/3&#8243;]\r\n\r\n\r\n\r\n<section class=\"wd-section-blog text-center style2\">\r\n  <div class=\"wd-blog-post  \" >\r\n      <h4 class=\"wd-title-element\">Zwischenstufe<\/h4>\r\n      <p>\r\n          Bauseits auf der Gr\u00fcndung betoniert      <\/p>\r\n              <a href=\"https:\/\/terrassenbau-halle.de\/wp-content\/uploads\/2019\/01\/Hauseingang_image004.jpg\" target=_blank>\r\n                                                 <img src=\"https:\/\/terrassenbau-halle.de\/wp-content\/uploads\/2019\/01\/Hauseingang_image004-1024x1024.jpg\" alt=\"icon\"\/>\r\n                <\/a>\r\n      <\/div>\r\n<\/section>\r\n    [\/vc_column][vc_column width=&#8220;1\/3&#8243;]\r\n\r\n\r\n\r\n<section class=\"wd-section-blog text-center style2\">\r\n  <div class=\"wd-blog-post  \" >\r\n      <h4 class=\"wd-title-element\">Treppenrohling<\/h4>\r\n      <p>\r\n          Abdichtung und Entkopplung      <\/p>\r\n              <a href=\"https:\/\/terrassenbau-halle.de\/wp-content\/uploads\/2019\/01\/Hauseingang_image003.jpg\" target=_blank>\r\n                                                 <img src=\"https:\/\/terrassenbau-halle.de\/wp-content\/uploads\/2019\/01\/Hauseingang_image003-1024x1024.jpg\" alt=\"icon\"\/>\r\n                <\/a>\r\n      <\/div>\r\n<\/section>\r\n    [\/vc_column][\/vc_row][vc_row][vc_column width=&#8220;1\/3&#8243;]\r\n\r\n\r\n\r\n<section class=\"wd-section-blog text-center style2\">\r\n  <div class=\"wd-blog-post  \" >\r\n      <h4 class=\"wd-title-element\">Natursteinmauer<\/h4>\r\n      <p>\r\n          Erh\u00f6hung und Anpassung an das Stufenprofil      <\/p>\r\n              <a href=\"https:\/\/terrassenbau-halle.de\/wp-content\/uploads\/2019\/01\/Hauseingang_image006.jpg\" target=_blank>\r\n                                                 <img src=\"https:\/\/terrassenbau-halle.de\/wp-content\/uploads\/2019\/01\/Hauseingang_image006-1024x1024.jpg\" alt=\"icon\"\/>\r\n                <\/a>\r\n      <\/div>\r\n<\/section>\r\n    [\/vc_column][vc_column width=&#8220;1\/3&#8243;]\r\n\r\n\r\n\r\n<section class=\"wd-section-blog text-center style2\">\r\n  <div class=\"wd-blog-post  \" >\r\n      <h4 class=\"wd-title-element\">Verlegter Plattenbelag<\/h4>\r\n      <p>\r\n          \u00dcbergang zur Zwischenstufe      <\/p>\r\n              <a href=\"https:\/\/terrassenbau-halle.de\/wp-content\/uploads\/2019\/01\/Hauseingang_image007.jpg\" target=_blank>\r\n                                                 <img src=\"https:\/\/terrassenbau-halle.de\/wp-content\/uploads\/2019\/01\/Hauseingang_image007-1024x1024.jpg\" alt=\"icon\"\/>\r\n                <\/a>\r\n      <\/div>\r\n<\/section>\r\n    [\/vc_column][vc_column width=&#8220;1\/3&#8243;]\r\n\r\n\r\n\r\n<section class=\"wd-section-blog text-center style2\">\r\n  <div class=\"wd-blog-post  \" >\r\n      <h4 class=\"wd-title-element\">Fertige Treppenanlage<\/h4>\r\n      <p>\r\n          Mit keramischen Mauerabdeckungen      <\/p>\r\n              <a href=\"https:\/\/terrassenbau-halle.de\/wp-content\/uploads\/2019\/01\/Hauseingang_image008.jpg\" target=_blank>\r\n                                                 <img src=\"https:\/\/terrassenbau-halle.de\/wp-content\/uploads\/2019\/01\/Hauseingang_image008-1024x1024.jpg\" alt=\"icon\"\/>\r\n                <\/a>\r\n      <\/div>\r\n<\/section>\r\n    [\/vc_column][\/vc_row][vc_row][vc_column width=&#8220;1\/3&#8243;]\r\n\r\n\r\n\r\n<section class=\"wd-section-blog text-center style2\">\r\n  <div class=\"wd-blog-post  \" >\r\n      <h4 class=\"wd-title-element\">Keramische Mauerabdeckungen<\/h4>\r\n      <p>\r\n          Mit abgerundeten Ecken      <\/p>\r\n              <a href=\"https:\/\/terrassenbau-halle.de\/wp-content\/uploads\/2019\/01\/Hauseingang_image009.jpg\" target=_blank>\r\n                                                 <img src=\"https:\/\/terrassenbau-halle.de\/wp-content\/uploads\/2019\/01\/Hauseingang_image009-1024x1024.jpg\" alt=\"icon\"\/>\r\n                <\/a>\r\n      <\/div>\r\n<\/section>\r\n    [\/vc_column][vc_column width=&#8220;1\/3&#8243;]\r\n\r\n\r\n\r\n<section class=\"wd-section-blog text-center style2\">\r\n  <div class=\"wd-blog-post  \" >\r\n      <h4 class=\"wd-title-element\">Treppenwange<\/h4>\r\n      <p>\r\n          Mit Fliesen verkleidet      <\/p>\r\n              <a href=\"https:\/\/terrassenbau-halle.de\/wp-content\/uploads\/2019\/01\/Hauseingang_image010.jpg\" target=_blank>\r\n                                                 <img src=\"https:\/\/terrassenbau-halle.de\/wp-content\/uploads\/2019\/01\/Hauseingang_image010-1024x576.jpg\" alt=\"icon\"\/>\r\n                <\/a>\r\n      <\/div>\r\n<\/section>\r\n    [\/vc_column][vc_column width=&#8220;1\/3&#8243;]\r\n\r\n\r\n\r\n<section class=\"wd-section-blog text-center style2\">\r\n  <div class=\"wd-blog-post  \" >\r\n      <h4 class=\"wd-title-element\">Gesamtansicht<\/h4>\r\n      <p>\r\n          .      <\/p>\r\n              <a href=\"https:\/\/terrassenbau-halle.de\/wp-content\/uploads\/2019\/01\/Hauseingang_image013.jpg\" target=_blank>\r\n                                                 <img src=\"https:\/\/terrassenbau-halle.de\/wp-content\/uploads\/2019\/01\/Hauseingang_image013-1024x1024.jpg\" alt=\"icon\"\/>\r\n                <\/a>\r\n      <\/div>\r\n<\/section>\r\n    [\/vc_column][\/vc_row]<\/p>\n<\/section>","protected":false},"excerpt":{"rendered":"<p>[vc_row][vc_column][vc_column_text] Projektbeschreibung Hauseingang mit keramischen Mauerabdeckungen Nach dem R\u00fcckbau der alten Zuwegung der freitragenden Trittplatten wurde die frostfreie Gr\u00fcndung auf der gesamten Fl\u00e4che mit Natursteingranulat aufgebaut. Darauf erfolgte der Aufbau der neuen Treppenstufenrohlinge sowie die Randsteine aus Granit. Die St\u00fctzmauer aus gemauerten Granitsteinen musste erh\u00f6ht und an das neue Treppenprofil angepasst werden. Aus den Keramikplatten [&hellip;]<\/p>\n","protected":false},"author":1,"featured_media":0,"parent":0,"menu_order":0,"comment_status":"closed","ping_status":"closed","template":"","meta":[],"_links":{"self":[{"href":"https:\/\/terrassenbau-halle.de\/index.php?rest_route=\/wp\/v2\/pages\/2053"}],"collection":[{"href":"https:\/\/terrassenbau-halle.de\/index.php?rest_route=\/wp\/v2\/pages"}],"about":[{"href":"https:\/\/terrassenbau-halle.de\/index.php?rest_route=\/wp\/v2\/types\/page"}],"author":[{"embeddable":true,"href":"https:\/\/terrassenbau-halle.de\/index.php?rest_route=\/wp\/v2\/users\/1"}],"replies":[{"embeddable":true,"href":"https:\/\/terrassenbau-halle.de\/index.php?rest_route=%2Fwp%2Fv2%2Fcomments&post=2053"}],"version-history":[{"count":4,"href":"https:\/\/terrassenbau-halle.de\/index.php?rest_route=\/wp\/v2\/pages\/2053\/revisions"}],"predecessor-version":[{"id":2068,"href":"https:\/\/terrassenbau-halle.de\/index.php?rest_route=\/wp\/v2\/pages\/2053\/revisions\/2068"}],"wp:attachment":[{"href":"https:\/\/terrassenbau-halle.de\/index.php?rest_route=%2Fwp%2Fv2%2Fmedia&parent=2053"}],"curies":[{"name":"wp","href":"https:\/\/api.w.org\/{rel}","templated":true}]}}