{"id":1971,"date":"2019-01-31T08:00:48","date_gmt":"2019-01-31T08:00:48","guid":{"rendered":"https:\/\/terrassenbau-halle.de\/?page_id=1971"},"modified":"2020-08-15T09:19:24","modified_gmt":"2020-08-15T09:19:24","slug":"referenzgalerie-terrasse-mit-bruecke","status":"publish","type":"page","link":"https:\/\/terrassenbau-halle.de\/?page_id=1971","title":{"rendered":"Referenzgalerie Terrasse mit Br\u00fccke"},"content":{"rendered":"<section class=\"wpb-content-wrapper\"><p>[vc_row][vc_column][vc_column_text]<\/p>\n<div class=\"wd-title-block\">\n<p><span style=\"font-family: 'Open Sans';\">Sanierung einer Terrasse mit Br\u00fccke \u00fcber den Fischteich.<\/span><\/p>\n<\/div>\n<div class=\"vc_row wpb_row vc_row-fluid\">\n<div class=\"wpb_column vc_column_container vc_col-sm-12\">\n<div class=\"vc_column-inner \">\n<div class=\"wpb_wrapper\">\n<div class=\"wpb_text_column wpb_content_element \">\n<div class=\"wpb_wrapper\">\n<p>Der Bodenbelag besteht aus Natursteinoptik Keramikplatten im Format 45x90x2 cm hellbeige. Der tragf\u00e4hige Untergrund konnte f\u00fcr die Verlegung der Platten auf h\u00f6henverstellbaren Stelzlagern weiter genutzt werden.<\/p>\n<p>Durch die Anhebung des Bodenbelages wurde ein ebenfl\u00e4chiger \u00dcbergang durch die Garagent\u00fcr sowie eine geringere Stufenh\u00f6he zur Terrassent\u00fcr erm\u00f6glicht. Die Pfosten der Terrassen\u00fcberdachung wurden symmetrisch im Fugenschnitt angeordnet und so auch der Plattenzuschnitt optimiert.<\/p>\n<p>Die bestehende Hartholzbr\u00fccke \u00fcber den Fischteich wurde im Zuger der Sanierung mit dem gleichen Belag versehen und dauerelastisch ausgefugt. Die Stellstufenzuschnitte werden durch Edelstahlklammern fixiert.<\/p>\n<\/div>\n<\/div>\n<\/div>\n<\/div>\n<\/div>\n<\/div>\n<p>[\/vc_column_text][\/vc_column][\/vc_row][vc_row][vc_column equalizer_column=&#8220;yes&#8220;]\r\n\r\n<div class=\"wd_empty_space\" data-heightmobile=\"20\" data-heighttablet=\"30\" data-heightdesktop=\"70\">\r\n\r\n<\/div>\r\n      \r\n\r\n\r\n\r\n        \r\n      \r\n    [\/vc_column][\/vc_row][vc_row][vc_column width=&#8220;1\/3&#8243;]\r\n\r\n\r\n\r\n<section class=\"wd-section-blog text-center style2\">\r\n  <div class=\"wd-blog-post  \" >\r\n      <h4 class=\"wd-title-element\">Stelzlagerverlegung<\/h4>\r\n      <p>\r\n          Randabschlu\u00df aus Plattenzuschnitt      <\/p>\r\n              <a href=\"https:\/\/terrassenbau-halle.de\/wp-content\/uploads\/2019\/01\/Terrasse-bruecke_image001.jpg\" target=_blank>\r\n                                                 <img src=\"https:\/\/terrassenbau-halle.de\/wp-content\/uploads\/2019\/01\/Terrasse-bruecke_image001-1024x683.jpg\" alt=\"icon\"\/>\r\n                <\/a>\r\n      <\/div>\r\n<\/section>\r\n    [\/vc_column][vc_column width=&#8220;1\/3&#8243;]\r\n\r\n\r\n\r\n<section class=\"wd-section-blog text-center style2\">\r\n  <div class=\"wd-blog-post  \" >\r\n      <h4 class=\"wd-title-element\">Stelzlagerverlegung<\/h4>\r\n      <p>\r\n          Fixierung der Lager auf Gummimatten      <\/p>\r\n              <a href=\"https:\/\/terrassenbau-halle.de\/wp-content\/uploads\/2019\/01\/Terrasse-bruecke_image002.jpg\" target=_blank>\r\n                                                 <img src=\"https:\/\/terrassenbau-halle.de\/wp-content\/uploads\/2019\/01\/Terrasse-bruecke_image002-1024x683.jpg\" alt=\"icon\"\/>\r\n                <\/a>\r\n      <\/div>\r\n<\/section>\r\n    [\/vc_column][vc_column width=&#8220;1\/3&#8243;]\r\n\r\n\r\n\r\n<section class=\"wd-section-blog text-center style2\">\r\n  <div class=\"wd-blog-post  \" >\r\n      <h4 class=\"wd-title-element\">Randabschlu\u00df<\/h4>\r\n      <p>\r\n          Randplatten m. Edelstahlklammern befestigt      <\/p>\r\n              <a href=\"https:\/\/terrassenbau-halle.de\/wp-content\/uploads\/2019\/01\/Terrasse-bruecke_image003.jpg\" target=_blank>\r\n                                                 <img src=\"https:\/\/terrassenbau-halle.de\/wp-content\/uploads\/2019\/01\/Terrasse-bruecke_image003-1024x683.jpg\" alt=\"icon\"\/>\r\n                <\/a>\r\n      <\/div>\r\n<\/section>\r\n    [\/vc_column][\/vc_row][vc_row][vc_column width=&#8220;1\/3&#8243;]\r\n\r\n\r\n\r\n<section class=\"wd-section-blog text-center style2\">\r\n  <div class=\"wd-blog-post  \" >\r\n      <h4 class=\"wd-title-element\">Randanschlu\u00df<\/h4>\r\n      <p>\r\n          \u00dcbergang zum Haussockel      <\/p>\r\n              <a href=\"https:\/\/terrassenbau-halle.de\/wp-content\/uploads\/2019\/01\/Terrasse-bruecke_image004.jpg\" target=_blank>\r\n                                                 <img src=\"https:\/\/terrassenbau-halle.de\/wp-content\/uploads\/2019\/01\/Terrasse-bruecke_image004-1024x683.jpg\" alt=\"icon\"\/>\r\n                <\/a>\r\n      <\/div>\r\n<\/section>\r\n    [\/vc_column][vc_column width=&#8220;1\/3&#8243;]\r\n\r\n\r\n\r\n<section class=\"wd-section-blog text-center style2\">\r\n  <div class=\"wd-blog-post  \" >\r\n      <h4 class=\"wd-title-element\">Terrassent\u00fcr<\/h4>\r\n      <p>\r\n          Verringerte Stufenh\u00f6he      <\/p>\r\n              <a href=\"https:\/\/terrassenbau-halle.de\/wp-content\/uploads\/2019\/01\/Terrasse-bruecke_image006.jpg\" target=_blank>\r\n                                                 <img src=\"https:\/\/terrassenbau-halle.de\/wp-content\/uploads\/2019\/01\/Terrasse-bruecke_image006-1024x683.jpg\" alt=\"icon\"\/>\r\n                <\/a>\r\n      <\/div>\r\n<\/section>\r\n    [\/vc_column][vc_column width=&#8220;1\/3&#8243;]\r\n\r\n\r\n\r\n<section class=\"wd-section-blog text-center style2\">\r\n  <div class=\"wd-blog-post  \" >\r\n      <h4 class=\"wd-title-element\">Terrasse mit Br\u00fccke<\/h4>\r\n      <p>\r\n          Trittplatten mit Setzstufe      <\/p>\r\n              <a href=\"https:\/\/terrassenbau-halle.de\/wp-content\/uploads\/2019\/01\/Terrasse-bruecke_image008.jpg\" target=_blank>\r\n                                                 <img src=\"https:\/\/terrassenbau-halle.de\/wp-content\/uploads\/2019\/01\/Terrasse-bruecke_image008-1024x683.jpg\" alt=\"icon\"\/>\r\n                <\/a>\r\n      <\/div>\r\n<\/section>\r\n    [\/vc_column][\/vc_row][vc_row][vc_column width=&#8220;1\/3&#8243;]\r\n\r\n\r\n\r\n<section class=\"wd-section-blog text-center style2\">\r\n  <div class=\"wd-blog-post  \" >\r\n      <h4 class=\"wd-title-element\">Terrassenerweiterung<\/h4>\r\n      <p>\r\n          Grillplatz      <\/p>\r\n              <a href=\"https:\/\/terrassenbau-halle.de\/wp-content\/uploads\/2019\/01\/Terrasse-bruecke_image010.jpg\" target=_blank>\r\n                                                 <img src=\"https:\/\/terrassenbau-halle.de\/wp-content\/uploads\/2019\/01\/Terrasse-bruecke_image010-1024x683.jpg\" alt=\"icon\"\/>\r\n                <\/a>\r\n      <\/div>\r\n<\/section>\r\n    [\/vc_column][vc_column width=&#8220;1\/3&#8243;]\r\n\r\n\r\n\r\n<section class=\"wd-section-blog text-center style2\">\r\n  <div class=\"wd-blog-post  \" >\r\n      <h4 class=\"wd-title-element\">Br\u00fccke \u00fcber den Fischteich<\/h4>\r\n      <p>\r\n          Dauerelastisch verfugte Trittplatten      <\/p>\r\n              <a href=\"https:\/\/terrassenbau-halle.de\/wp-content\/uploads\/2019\/01\/Terrasse-bruecke_image011.jpg\" target=_blank>\r\n                                                 <img src=\"https:\/\/terrassenbau-halle.de\/wp-content\/uploads\/2019\/01\/Terrasse-bruecke_image011-1024x683.jpg\" alt=\"icon\"\/>\r\n                <\/a>\r\n      <\/div>\r\n<\/section>\r\n    [\/vc_column][vc_column width=&#8220;1\/3&#8243;]\r\n\r\n\r\n\r\n<section class=\"wd-section-blog text-center style2\">\r\n  <div class=\"wd-blog-post  \" >\r\n      <h4 class=\"wd-title-element\">Terrassenansicht vom Garten<\/h4>\r\n      <p>\r\n          .      <\/p>\r\n              <a href=\"https:\/\/terrassenbau-halle.de\/wp-content\/uploads\/2019\/01\/Terrasse-bruecke_image012.jpg\" target=_blank>\r\n                                                 <img src=\"https:\/\/terrassenbau-halle.de\/wp-content\/uploads\/2019\/01\/Terrasse-bruecke_image012-1024x683.jpg\" alt=\"icon\"\/>\r\n                <\/a>\r\n      <\/div>\r\n<\/section>\r\n    [\/vc_column][\/vc_row][vc_row][vc_column width=&#8220;1\/3&#8243;]\r\n\r\n\r\n\r\n<section class=\"wd-section-blog text-center style2\">\r\n  <div class=\"wd-blog-post  \" >\r\n      <h4 class=\"wd-title-element\">Terrassenbelag<\/h4>\r\n      <p>\r\n          .      <\/p>\r\n              <a href=\"https:\/\/terrassenbau-halle.de\/wp-content\/uploads\/2019\/01\/Terrasse-bruecke_image012.jpg\" target=_blank>\r\n                                                 <img src=\"https:\/\/terrassenbau-halle.de\/wp-content\/uploads\/2019\/01\/Terrasse-bruecke_image005-683x1024.jpg\" alt=\"icon\"\/>\r\n                <\/a>\r\n      <\/div>\r\n<\/section>\r\n    [\/vc_column][vc_column width=&#8220;1\/3&#8243;]\r\n\r\n\r\n\r\n<section class=\"wd-section-blog text-center style2\">\r\n  <div class=\"wd-blog-post  \" >\r\n      <h4 class=\"wd-title-element\">Br\u00fccke \u00fcber den Fischteich<\/h4>\r\n      <p>\r\n          .      <\/p>\r\n              <a href=\"https:\/\/terrassenbau-halle.de\/wp-content\/uploads\/2019\/01\/Terrasse-bruecke_image009.jpg\" target=_blank>\r\n                                                 <img src=\"https:\/\/terrassenbau-halle.de\/wp-content\/uploads\/2019\/01\/Terrasse-bruecke_image007-683x1024.jpg\" alt=\"icon\"\/>\r\n                <\/a>\r\n      <\/div>\r\n<\/section>\r\n    [\/vc_column][vc_column width=&#8220;1\/3&#8243;]\r\n\r\n\r\n\r\n<section class=\"wd-section-blog text-center style2\">\r\n  <div class=\"wd-blog-post  \" >\r\n      <h4 class=\"wd-title-element\">Grillplatz<\/h4>\r\n      <p>\r\n          Eingepasste Plattenzuschnitte      <\/p>\r\n              <a href=\"https:\/\/terrassenbau-halle.de\/wp-content\/uploads\/2019\/01\/Terrasse-bruecke_image009.jpg\" target=_blank>\r\n                                                 <img src=\"https:\/\/terrassenbau-halle.de\/wp-content\/uploads\/2019\/01\/Terrasse-bruecke_image009-683x1024.jpg\" alt=\"icon\"\/>\r\n                <\/a>\r\n      <\/div>\r\n<\/section>\r\n    [\/vc_column][\/vc_row]<\/p>\n<\/section>","protected":false},"excerpt":{"rendered":"<p>[vc_row][vc_column][vc_column_text] Sanierung einer Terrasse mit Br\u00fccke \u00fcber den Fischteich. Der Bodenbelag besteht aus Natursteinoptik Keramikplatten im Format 45x90x2 cm hellbeige. Der tragf\u00e4hige Untergrund konnte f\u00fcr die Verlegung der Platten auf h\u00f6henverstellbaren Stelzlagern weiter genutzt werden. Durch die Anhebung des Bodenbelages wurde ein ebenfl\u00e4chiger \u00dcbergang durch die Garagent\u00fcr sowie eine geringere Stufenh\u00f6he zur Terrassent\u00fcr erm\u00f6glicht. Die [&hellip;]<\/p>\n","protected":false},"author":1,"featured_media":0,"parent":0,"menu_order":0,"comment_status":"closed","ping_status":"open","template":"","meta":[],"_links":{"self":[{"href":"https:\/\/terrassenbau-halle.de\/index.php?rest_route=\/wp\/v2\/pages\/1971"}],"collection":[{"href":"https:\/\/terrassenbau-halle.de\/index.php?rest_route=\/wp\/v2\/pages"}],"about":[{"href":"https:\/\/terrassenbau-halle.de\/index.php?rest_route=\/wp\/v2\/types\/page"}],"author":[{"embeddable":true,"href":"https:\/\/terrassenbau-halle.de\/index.php?rest_route=\/wp\/v2\/users\/1"}],"replies":[{"embeddable":true,"href":"https:\/\/terrassenbau-halle.de\/index.php?rest_route=%2Fwp%2Fv2%2Fcomments&post=1971"}],"version-history":[{"count":11,"href":"https:\/\/terrassenbau-halle.de\/index.php?rest_route=\/wp\/v2\/pages\/1971\/revisions"}],"predecessor-version":[{"id":2842,"href":"https:\/\/terrassenbau-halle.de\/index.php?rest_route=\/wp\/v2\/pages\/1971\/revisions\/2842"}],"wp:attachment":[{"href":"https:\/\/terrassenbau-halle.de\/index.php?rest_route=%2Fwp%2Fv2%2Fmedia&parent=1971"}],"curies":[{"name":"wp","href":"https:\/\/api.w.org\/{rel}","templated":true}]}}