{"id":1770,"date":"2019-01-26T15:15:06","date_gmt":"2019-01-26T15:15:06","guid":{"rendered":"https:\/\/terrassenbau-halle.de\/?page_id=1770"},"modified":"2019-02-02T14:51:02","modified_gmt":"2019-02-02T14:51:02","slug":"datenschutzerklaerung","status":"publish","type":"page","link":"https:\/\/terrassenbau-halle.de\/?page_id=1770","title":{"rendered":"Datenschutzerkl\u00e4rung"},"content":{"rendered":"<section class=\"wpb-content-wrapper\"><p>[vc_row][vc_column]\r\n\r\n<div class=\"\" >\r\n  <div class=\"large-12 columns  wd-title-section_c\" >\r\n      <h2>Datenschutzerkl\u00e4rung<\/h2>\r\n        <h5>&amp;nbsp<\/h5>\r\n    \r\n  <\/div>\r\n<\/div>\r\n\r\n  \r\n[\/vc_column][\/vc_row][vc_row][vc_column][vc_column_text]<span style=\"color: #333333;\">Wir als Webseitenbetreiber (Handelsagentur Andreas G\u00fcnther, Nu\u00dfweg 3b, 06112 Halle) haben diese Datenschutzerkl\u00e4rung (Fassung 26.01.2019-311096028) verfasst, um Ihnen gem\u00e4\u00df der Vorgaben der Datenschutz-Grundverordnung (EU) 2016\/679 zu erkl\u00e4ren, welche Informationen wir sammeln, wie wir Daten verwenden und welche Entscheidungsm\u00f6glichkeiten Sie als Besucher dieser Webseite haben.<\/span><\/p>\n<p><span style=\"color: #333333;\">Leider liegt es in der Natur der Sache, dass diese Erkl\u00e4rungen sehr technisch klingen, wir haben uns bei der Erstellung jedoch bem\u00fcht die wichtigsten Dinge so einfach und klar wie m\u00f6glich zu beschreiben.<\/span><\/p>\n<p><strong><span style=\"color: #333333;\">Automatische Datenspeicherung<\/span><\/strong><\/p>\n<p><span style=\"color: #333333;\"> Wenn Sie heutzutage Webseiten besuchen, werden gewisse Informationen automatisch erstellt und gespeichert, so auch auf dieser Webseite.<\/span><\/p>\n<p><span style=\"color: #333333;\">Wenn Sie unsere Webseite so wie jetzt gerade besuchen, speichert unser Webserver (Computer auf dem diese Webseite gespeichert ist) automatisch Daten wie:<\/span><\/p>\n<ul>\n<li><span style=\"color: #333333;\">die Adresse (URL) der aufgerufenen Webseite Browser und Browserversion<\/span><\/li>\n<li><span style=\"color: #333333;\">das verwendete Betriebssystem<\/span><\/li>\n<li><span style=\"color: #333333;\">die Adresse (URL) der zuvor besuchten Seite (Referrer URL)<\/span><\/li>\n<li><span style=\"color: #333333;\">den Hostname und die IP-Adresse des Ger\u00e4ts von welchem aus zugegriffen wird<\/span><\/li>\n<li><span style=\"color: #333333;\">Datum und Uhrzeit in Dateien (Webserver-Logfiles).<\/span><\/li>\n<\/ul>\n<p><span style=\"color: #333333;\">In der Regel werden Webserver-Logfiles zwei Wochen gespeichert und danach automatisch gel\u00f6scht. Wir geben diese Daten nicht weiter, k\u00f6nnen jedoch nicht ausschlie\u00dfen, dass diese Daten beim Vorliegen von rechtswidrigem Verhalten eingesehen werden. Die Rechtsgrundlage besteht nach Artikel 6 Absatz 1 f DSGVO (Rechtm\u00e4\u00dfigkeit der Verarbeitung) darin, dass berechtigtes Interesse daran besteht, den fehlerfreien Betrieb dieser Webseite durch das Erfassen von Webserver-Logfiles zu erm\u00f6glichen. <\/span><\/p>\n<p><strong><span style=\"color: #333333;\">Speicherung pers\u00f6nlicher Daten<\/span><\/strong><\/p>\n<p><span style=\"color: #333333;\"> Pers\u00f6nliche Daten, die Sie uns auf dieser Website elektronisch \u00fcbermitteln, wie zum Beispiel Name, E-Mail-Adresse, Adresse oder andere pers\u00f6nlichen Angaben im Rahmen der \u00dcbermittlung eines Formulars oder Kommentaren im Blog, werden von uns gemeinsam mit dem Zeitpunkt und der IP-Adresse nur zum jeweils angegebenen Zweck verwendet, sicher verwahrt und nicht an Dritte weitergegeben. <\/span><\/p>\n<p><span style=\"color: #333333;\">Wir nutzen Ihre pers\u00f6nlichen Daten somit nur f\u00fcr die Kommunikation mit jenen Besuchern, die Kontakt ausdr\u00fccklich w\u00fcnschen und f\u00fcr die Abwicklung der auf dieser Webseite angebotenen Dienstleistungen und Produkte. Wir geben Ihre pers\u00f6nlichen Daten ohne Zustimmung nicht weiter, k\u00f6nnen jedoch nicht ausschlie\u00dfen, dass diese Daten beim Vorliegen von rechtswidrigem Verhalten eingesehen werden.<\/span><\/p>\n<p><span style=\"color: #333333;\"> Wenn Sie uns pers\u00f6nliche Daten per E-Mail schicken \u2013 somit abseits dieser Webseite \u2013 k\u00f6nnen wir keine sichere \u00dcbertragung und den Schutz Ihrer Daten garantieren. Wir empfehlen Ihnen, vertrauliche Daten niemals unverschl\u00fcsselt per E-Mail zu \u00fcbermitteln.<\/span><\/p>\n<p><span style=\"color: #333333;\"> Die Rechtsgrundlage besteht nach Artikel 6 Absatz 1 a DSGVO (Rechtm\u00e4\u00dfigkeit der Verarbeitung) darin, dass Sie uns die Einwilligung zur Verarbeitung der von Ihnen eingegebenen Daten geben. Sie k\u00f6nnen diesen Einwilligung jederzeit widerrufen \u2013 eine formlose E-Mail reicht aus, Sie finden unsere Kontaktdaten im Impressum. <\/span><\/p>\n<p><strong><span style=\"color: #333333;\">Rechte laut Datenschutzgrundverordnung<\/span><\/strong><\/p>\n<p><span style=\"color: #333333;\"> Ihnen stehen laut den Bestimmungen der DSGVO grunds\u00e4tzlich die folgende Rechte zu: <\/span><\/p>\n<ul>\n<li><span style=\"color: #333333;\">Recht auf Berichtung (Artikel 16 DSGVO) <\/span><\/li>\n<li><span style=\"color: #333333;\">Recht auf L\u00f6schung (\u201eRecht auf Vergessenwerden\u201c) (Artikel 17 DSGVO) <\/span><\/li>\n<li><span style=\"color: #333333;\">Recht auf Einschr\u00e4nkung der Verarbeitung (Artikel 18 DSGVO) <\/span><\/li>\n<li><span style=\"color: #333333;\">Recht auf Benachrichtigung \u2013 Mitteilungspflicht im Zusammenhang mit der Berichtigung oder L\u00f6schung personenbezogener Daten oder der Einschr\u00e4nkung der Verarbeitung (Artikel 19 DSGVO) <\/span><\/li>\n<li><span style=\"color: #333333;\">Recht auf Daten\u00fcbertragbarkeit (Artikel 20 DSGVO) <\/span><\/li>\n<li><span style=\"color: #333333;\">Widerspruchsrecht (Artikel 21 DSGVO) <\/span><\/li>\n<li><span style=\"color: #333333;\">Recht, nicht einer ausschlie\u00dflich auf einer automatisierten Verarbeitung \u2014 einschlie\u00dflich Profiling \u2014 beruhenden Entscheidung unterworfen zu werden (Artikel 22 DSGVO)<\/span><\/li>\n<\/ul>\n<p><span style=\"color: #333333;\"> Wenn Sie glauben, dass die Verarbeitung Ihrer Daten gegen das Datenschutzrecht verst\u00f6\u00dft oder Ihre datenschutzrechtlichen Anspr\u00fcche sonst in einer Weise verletzt worden sind, k\u00f6nnen Sie sich an die Bundesbeauftragte f\u00fcr den Datenschutz und die Informationsfreiheit (BfDI) wenden. <\/span><\/p>\n<p><strong><span style=\"color: #333333;\">TLS-Verschl\u00fcsselung mit https <\/span><\/strong><\/p>\n<p><span style=\"color: #333333;\">Wir verwenden https um Daten abh\u00f6rsicher im Internet zu \u00fcbertragen (Datenschutz durch Technikgestaltung Artikel 25 Absatz 1 DSGVO). Durch den Einsatz von TLS (Transport Layer Security), einem Verschl\u00fcsselungsprotokoll zur sicheren Daten\u00fcbertragung im Internet k\u00f6nnen wir den Schutz vertraulicher Daten sicherstellen. Sie erkennen die Benutzung dieser Absicherung der Daten\u00fcbertragung am kleinen Schlo\u00dfsymbol links oben im Browser und der Verwendung des Schemas https (anstatt http) als Teil unserer Internetadresse. <\/span><\/p>\n<p><strong><span style=\"color: #333333;\">Cookies<\/span><\/strong><\/p>\n<p><span style=\"color: #333333;\"> Unsere Website verwendet HTTP-Cookies, um nutzerspezifische Daten zu speichern. Ein Cookie ist ein kurzes Datenpaket, welches zwischen Webbrowser und Webserver ausgetauscht wird, f\u00fcr diese aber v\u00f6llig bedeutungslos ist und erst f\u00fcr die Webanwendung, z. B. einen Online-Shop, eine Bedeutung erh\u00e4lt, etwa den Inhalt eines virtuellen Warenkorbes.<\/span><\/p>\n<p><span style=\"color: #333333;\"> Es gibt zwei Arten von Cookies: Erstanbieter-Cookies werden von unserer Website erstellt, Drittanbieter-Cookies werden von anderen Websites (z. B. Google Analytics) erstellt. <\/span><\/p>\n<p><span style=\"color: #333333;\">Man unterscheidet drei Kategorien von Cookies: unbedingt notwendige Cookies um grundlegende Funktionen der Website sicherzustellen, funktionelle Cookies um die Leistung der Webseite sicherzustellen und zielorientierte Cookies um das Benutzererlebnis zu verbessern. <\/span><\/p>\n<p><span style=\"color: #333333;\">Wir nutzen Cookies, um unsere Webseite nutzerfreundlicher zu gestalten. Einige Cookies bleiben auf Ihrem Endger\u00e4t gespeichert, bis Sie diese l\u00f6schen. Sie erm\u00f6glichen es uns, Ihren Browser beim n\u00e4chsten Besuch wiederzuerkennen.<\/span><\/p>\n<p><strong><span style=\"color: #333333;\"> Cookie Einstellungen sehen und Cookies l\u00f6schen<\/span><\/strong><\/p>\n<p><span style=\"color: #333333;\"> Wenn Sie feststellen m\u00f6chten, welche Cookies in Ihrem Browser gespeichert wurden, Cookie-Einstellungen \u00e4ndern oder Cookies l\u00f6schen m\u00f6chten, k\u00f6nnen Sie dies in Ihren Browser-Einstellungen finden:<\/span><\/p>\n<ul>\n<li><span style=\"color: #333333;\"> Safari: Verwalten von Cookies und Websitedaten mit Safari <\/span><\/li>\n<li><span style=\"color: #333333;\">Firefox: Cookies l\u00f6schen, um Daten zu entfernen, die Websites auf Ihrem Computer abgelegt haben <\/span><\/li>\n<li><span style=\"color: #333333;\">Chrome: Cookies in Chrome l\u00f6schen, aktivieren und verwalten <\/span><\/li>\n<li><span style=\"color: #333333;\">I<\/span><span style=\"color: #333333;\">nternet Explorer: L\u00f6schen und Verwalten von Cookies <\/span><\/li>\n<\/ul>\n<p><span style=\"color: #333333;\">Wenn Sie die Speicherung von Daten in Cookies nicht w\u00fcnschen, so k\u00f6nnen Sie Ihren Browser so einrichten, dass er Sie \u00fcber das Setzen von Cookies informiert und Sie dies nur im Einzelfall erlauben. Sie k\u00f6nnen jederzeit Cookies, die sich bereits auf Ihrem Computer befinden, l\u00f6schen oder Cookies deaktivieren. Die Vorgangsweise dazu ist nach Browser unterschiedlich, am besten Sie suchen die Anleitung in Google mit dem Suchbegriff \u201cCookies l\u00f6schen Chrome\u201d oder \u201cCookies deaktivieren Chrome\u201d im Falle eines Chrome Browsers oder tauschen das Wort \u201cChrome\u201d gegen den Namen Ihres Browsers, z. B. Edge, Firefox, Safari aus. Wenn Sie uns generell nicht gestatten, Cookies zu nutzen, d.h. diese per Browsereinstellung deaktivieren, k\u00f6nnen manche Funktionen und Seiten nicht wie erwartet funktionieren. <\/span><\/p>\n<p><span style=\"color: #333333;\"><strong>Google Fonts Datenschutzerkl\u00e4run<\/strong>g<\/span><\/p>\n<p><span style=\"color: #333333;\"> Wir verwenden Google Fonts der Firma Google Inc. (1600 Amphitheatre Parkway Mountain View, CA 94043, USA) auf unserer Webseite. Die Verwendung von Google Fonts erfolgt ohne Authentisierung und es werden keine Cookies an die Google Fonts API gesendet. Sollten Sie ein Konto bei Google haben, werden keine Ihrer Google-Kontodaten an Google w\u00e4hrend der Nutzung von Google Fonts \u00fcbermittelt. Google erfasst lediglich die Nutzung von CSS und der verwendeten Fonts und speichert diese Daten sicher. Mehr zu diesen und weiteren Fragen finden Sie auf https:\/\/developers.google.com\/fonts\/faq?tid=311096028. <\/span><\/p>\n<p><span style=\"color: #333333;\">Welche Daten von Google erfasst werden und wof\u00fcr diese Daten verwendet werden, k\u00f6nnen Sie auf https:\/\/www.google.com\/intl\/de\/policies\/privacy\/ nachlesen. <\/span><\/p>\n<p><strong><span style=\"color: #333333;\">Google Maps Datenschutzerkl\u00e4rung<\/span><\/strong><\/p>\n<p><span style=\"color: #333333;\"> Wir verwenden Google Maps der Firma Google Inc. (1600 Amphitheatre Parkway Mountain View, CA 94043, USA) auf unserer Webseite. Durch die Nutzung der Funktionen dieser Karte werden Daten an Google \u00fcbertragen. Welche Daten von Google erfasst werden und wof\u00fcr diese Daten verwendet werden, k\u00f6nnen Sie auf https:\/\/www.google.com\/intl\/de\/policies\/privacy\/ nachlesen. <\/span><\/p>\n<p><span style=\"color: #333333;\">Quelle: Erstellt mit dem Datenschutz Generator von www.adsimple.de in Kooperation mit raumdirekt.com<\/span>[\/vc_column_text][\/vc_column][\/vc_row][vc_row][vc_column]\r\n\r\n<div class=\"wd_empty_space\" data-heightmobile=\"60\" data-heighttablet=\"60\" data-heightdesktop=\"60\">\r\n\r\n<\/div>\r\n      \r\n\r\n\r\n\r\n        \r\n      \r\n    [\/vc_column][\/vc_row]<\/p>\n<\/section>","protected":false},"excerpt":{"rendered":"<p>[vc_row][vc_column][\/vc_column][\/vc_row][vc_row][vc_column][vc_column_text]Wir als Webseitenbetreiber (Handelsagentur Andreas G\u00fcnther, Nu\u00dfweg 3b, 06112 Halle) haben diese Datenschutzerkl\u00e4rung (Fassung 26.01.2019-311096028) verfasst, um Ihnen gem\u00e4\u00df der Vorgaben der Datenschutz-Grundverordnung (EU) 2016\/679 zu erkl\u00e4ren, welche Informationen wir sammeln, wie wir Daten verwenden und welche Entscheidungsm\u00f6glichkeiten Sie als Besucher dieser Webseite haben. Leider liegt es in der Natur der Sache, dass diese Erkl\u00e4rungen [&hellip;]<\/p>\n","protected":false},"author":1,"featured_media":0,"parent":0,"menu_order":0,"comment_status":"closed","ping_status":"closed","template":"","meta":[],"_links":{"self":[{"href":"https:\/\/terrassenbau-halle.de\/index.php?rest_route=\/wp\/v2\/pages\/1770"}],"collection":[{"href":"https:\/\/terrassenbau-halle.de\/index.php?rest_route=\/wp\/v2\/pages"}],"about":[{"href":"https:\/\/terrassenbau-halle.de\/index.php?rest_route=\/wp\/v2\/types\/page"}],"author":[{"embeddable":true,"href":"https:\/\/terrassenbau-halle.de\/index.php?rest_route=\/wp\/v2\/users\/1"}],"replies":[{"embeddable":true,"href":"https:\/\/terrassenbau-halle.de\/index.php?rest_route=%2Fwp%2Fv2%2Fcomments&post=1770"}],"version-history":[{"count":22,"href":"https:\/\/terrassenbau-halle.de\/index.php?rest_route=\/wp\/v2\/pages\/1770\/revisions"}],"predecessor-version":[{"id":1836,"href":"https:\/\/terrassenbau-halle.de\/index.php?rest_route=\/wp\/v2\/pages\/1770\/revisions\/1836"}],"wp:attachment":[{"href":"https:\/\/terrassenbau-halle.de\/index.php?rest_route=%2Fwp%2Fv2%2Fmedia&parent=1770"}],"curies":[{"name":"wp","href":"https:\/\/api.w.org\/{rel}","templated":true}]}}