{"id":1271,"date":"2016-05-25T18:06:23","date_gmt":"2016-05-25T18:06:23","guid":{"rendered":"http:\/\/themes.webdevia.com\/flooring\/?page_id=2"},"modified":"2020-08-15T09:16:49","modified_gmt":"2020-08-15T09:16:49","slug":"referenzgalerie-hauseingang-mit-sichtschutz","status":"publish","type":"page","link":"https:\/\/terrassenbau-halle.de\/?page_id=1271","title":{"rendered":"Referenzgalerie Hauseingang mit Sichtschutz"},"content":{"rendered":"<section class=\"wpb-content-wrapper\"><p>[vc_row][vc_column][vc_column_text]<\/p>\n<div class=\"wd-title-block\">\n<h4>Projektbeschreibung<\/h4>\n<\/div>\n<div class=\"vc_row wpb_row vc_row-fluid\">\n<div class=\"wpb_column vc_column_container vc_col-sm-12\">\n<div class=\"vc_column-inner \">\n<div class=\"wpb_wrapper\">\n<div class=\"wpb_text_column wpb_content_element \">\n<div class=\"wpb_wrapper\">\n<p>Neugestaltung eines Hauseinganges mit Gartenzuwegung auf 20 Meter L\u00e4nge.<\/p>\n<p>Der Bodenbelag besteht aus Holzoptik Keramikplatten im Format 40x120x2 cm grau und 30x120x2 cm braun. Der braune Rand- und Einfassungsstreifen schafft harmonische \u00dcberg\u00e4nge zu den warmen Farbt\u00f6nen am Haus und am Carport. Um den nat\u00fcrlichen Charme des Randsreifens zu betonen, wurde ein kleineres Format und die Fugenanordnung als Verband gew\u00e4hlt.<\/p>\n<p>Der graue Bodenbelag\u00a0 und das Eingangspodest werden von diesem Farbkontrast in Szene gesetzt.\u00a0 Passend dazu f\u00fcgt sich der dezente Grauton der Randeinfassung aus Granit, die Beleuchtungselemente aus Granit sowie der beleuchtete Sichtschutz ein.<\/p>\n<\/div>\n<\/div>\n<\/div>\n<\/div>\n<\/div>\n<\/div>\n<p>[\/vc_column_text][\/vc_column][\/vc_row][vc_row][vc_column equalizer_column=&#8220;yes&#8220;]\r\n\r\n<div class=\"wd_empty_space\" data-heightmobile=\"20\" data-heighttablet=\"30\" data-heightdesktop=\"70\">\r\n\r\n<\/div>\r\n      \r\n\r\n\r\n\r\n        \r\n      \r\n    [\/vc_column][\/vc_row][vc_row][vc_column width=&#8220;1\/3&#8243;]\r\n\r\n\r\n\r\n<section class=\"wd-section-blog text-center style2\">\r\n  <div class=\"wd-blog-post  \" >\r\n      <h4 class=\"wd-title-element\">Eingangsbereich<\/h4>\r\n      <p>\r\n          Keramikplatten zweifarbig verlegt      <\/p>\r\n              <a href=\"https:\/\/terrassenbau-halle.de\/wp-content\/uploads\/2019\/01\/eingang-sichtschutz_image002.jpg\" target=_blank>\r\n                                                 <img src=\"https:\/\/terrassenbau-halle.de\/wp-content\/uploads\/2019\/01\/eingang-sichtschutz_image002-1024x683.jpg\" alt=\"icon\"\/>\r\n                <\/a>\r\n      <\/div>\r\n<\/section>\r\n    [\/vc_column][vc_column width=&#8220;1\/3&#8243;]\r\n\r\n\r\n\r\n<section class=\"wd-section-blog text-center style2\">\r\n  <div class=\"wd-blog-post  \" >\r\n      <h4 class=\"wd-title-element\">Beleuchtungselement<\/h4>\r\n      <p>\r\n          Naturstein Granit grau mit LED      <\/p>\r\n              <a href=\"https:\/\/terrassenbau-halle.de\/wp-content\/uploads\/2019\/01\/eingang-sichtschutz_image003.jpg\" target=_blank>\r\n                                                 <img src=\"https:\/\/terrassenbau-halle.de\/wp-content\/uploads\/2019\/01\/eingang-sichtschutz_image003-1024x683.jpg\" alt=\"icon\"\/>\r\n                <\/a>\r\n      <\/div>\r\n<\/section>\r\n    [\/vc_column][vc_column width=&#8220;1\/3&#8243;]\r\n\r\n\r\n\r\n<section class=\"wd-section-blog text-center style2\">\r\n  <div class=\"wd-blog-post  \" >\r\n      <h4 class=\"wd-title-element\">Randstreifen<\/h4>\r\n      <p>\r\n          Diagonalzuschnitt mit Innen- und Au\u00dfenecke      <\/p>\r\n              <a href=\"https:\/\/terrassenbau-halle.de\/wp-content\/uploads\/2019\/01\/eingang-sichtschutz_image005.jpg\" target=_blank>\r\n                                                 <img src=\"https:\/\/terrassenbau-halle.de\/wp-content\/uploads\/2019\/01\/eingang-sichtschutz_image005-1024x683.jpg\" alt=\"icon\"\/>\r\n                <\/a>\r\n      <\/div>\r\n<\/section>\r\n    [\/vc_column][\/vc_row][vc_row][vc_column width=&#8220;1\/3&#8243;]\r\n\r\n\r\n\r\n<section class=\"wd-section-blog text-center style2\">\r\n  <div class=\"wd-blog-post  \" >\r\n      <h4 class=\"wd-title-element\">Eingangsbereich<\/h4>\r\n      <p>\r\n          Sicht zum Eingangstor      <\/p>\r\n              <a href=\"https:\/\/terrassenbau-halle.de\/wp-content\/uploads\/2019\/01\/eingang-sichtschutz_image102.jpg\" target=_blank>\r\n                                                 <img src=\"https:\/\/terrassenbau-halle.de\/wp-content\/uploads\/2019\/01\/eingang-sichtschutz_image102-683x1024.jpg\" alt=\"icon\"\/>\r\n                <\/a>\r\n      <\/div>\r\n<\/section>\r\n    [\/vc_column][vc_column width=&#8220;1\/3&#8243;]\r\n\r\n\r\n\r\n<section class=\"wd-section-blog text-center style2\">\r\n  <div class=\"wd-blog-post  \" >\r\n      <h4 class=\"wd-title-element\">Sichtschutz mit Keramikf\u00fcllung<\/h4>\r\n      <p>\r\n          Beidseitig mit Holzoptik braun      <\/p>\r\n              <a href=\"https:\/\/terrassenbau-halle.de\/wp-content\/uploads\/2019\/01\/eingang-sichtschutz_image104.jpg\" target=_blank>\r\n                                                 <img src=\"https:\/\/terrassenbau-halle.de\/wp-content\/uploads\/2019\/01\/eingang-sichtschutz_image104-683x1024.jpg\" alt=\"icon\"\/>\r\n                <\/a>\r\n      <\/div>\r\n<\/section>\r\n    [\/vc_column][vc_column width=&#8220;1\/3&#8243;]\r\n\r\n\r\n\r\n<section class=\"wd-section-blog text-center style2\">\r\n  <div class=\"wd-blog-post  \" >\r\n      <h4 class=\"wd-title-element\">Hauseingang<\/h4>\r\n      <p>\r\n          Mitt Eingangspodest      <\/p>\r\n              <a href=\"https:\/\/terrassenbau-halle.de\/wp-content\/uploads\/2019\/01\/eingang-sichtschutz_image106.jpg\" target=_blank>\r\n                                                 <img src=\"https:\/\/terrassenbau-halle.de\/wp-content\/uploads\/2019\/01\/eingang-sichtschutz_image106-683x1024.jpg\" alt=\"icon\"\/>\r\n                <\/a>\r\n      <\/div>\r\n<\/section>\r\n    [\/vc_column][\/vc_row][vc_row][vc_column width=&#8220;1\/3&#8243;]\r\n\r\n\r\n\r\n<section class=\"wd-section-blog text-center style2\">\r\n  <div class=\"wd-blog-post  \" >\r\n      <h4 class=\"wd-title-element\">Eingangspodest<\/h4>\r\n      <p>\r\n          Trittplatte mit Sichtkante      <\/p>\r\n              <a href=\"https:\/\/terrassenbau-halle.de\/wp-content\/uploads\/2019\/01\/eingang-sichtschutz_image007.jpg\" target=_blank>\r\n                                                 <img src=\"https:\/\/terrassenbau-halle.de\/wp-content\/uploads\/2019\/01\/eingang-sichtschutz_image007-1024x683.jpg\" alt=\"icon\"\/>\r\n                <\/a>\r\n      <\/div>\r\n<\/section>\r\n    [\/vc_column][vc_column width=&#8220;1\/3&#8243;]\r\n\r\n\r\n\r\n<section class=\"wd-section-blog text-center style2\">\r\n  <div class=\"wd-blog-post  \" >\r\n      <h4 class=\"wd-title-element\">Gartenweg<\/h4>\r\n      <p>\r\n          Schr\u00e4gzuschnitt und Gef\u00e4lleanstieg      <\/p>\r\n              <a href=\"https:\/\/terrassenbau-halle.de\/wp-content\/uploads\/2019\/01\/eingang-sichtschutz_image008.jpg\" target=_blank>\r\n                                                 <img src=\"https:\/\/terrassenbau-halle.de\/wp-content\/uploads\/2019\/01\/eingang-sichtschutz_image008-1024x683.jpg\" alt=\"icon\"\/>\r\n                <\/a>\r\n      <\/div>\r\n<\/section>\r\n    [\/vc_column][vc_column width=&#8220;1\/3&#8243;]\r\n\r\n\r\n\r\n<section class=\"wd-section-blog text-center style2\">\r\n  <div class=\"wd-blog-post  \" >\r\n      <h4 class=\"wd-title-element\">Terrasse als Abschlu\u00df<\/h4>\r\n      <p>\r\n          \u00dcbergang zum Gartenbereich      <\/p>\r\n              <a href=\"https:\/\/terrassenbau-halle.de\/wp-content\/uploads\/2019\/01\/eingang-sichtschutz_image010.jpg\" target=_blank>\r\n                                                 <img src=\"https:\/\/terrassenbau-halle.de\/wp-content\/uploads\/2019\/01\/eingang-sichtschutz_image010-1024x683.jpg\" alt=\"icon\"\/>\r\n                <\/a>\r\n      <\/div>\r\n<\/section>\r\n    [\/vc_column][\/vc_row][vc_row][vc_column width=&#8220;1\/3&#8243;]\r\n\r\n\r\n\r\n<section class=\"wd-section-blog text-center style2\">\r\n  <div class=\"wd-blog-post  \" >\r\n      <h4 class=\"wd-title-element\">Terrasse als Abschlu\u00df<\/h4>\r\n      <p>\r\n          Abgrenzung der Baumscheibe f\u00fcr Rebstock      <\/p>\r\n              <a href=\"https:\/\/terrassenbau-halle.de\/wp-content\/uploads\/2019\/01\/eingang-sichtschutz_image111.jpg\" target=_blank>\r\n                                                 <img src=\"https:\/\/terrassenbau-halle.de\/wp-content\/uploads\/2019\/01\/eingang-sichtschutz_image111-683x1024.jpg\" alt=\"icon\"\/>\r\n                <\/a>\r\n      <\/div>\r\n<\/section>\r\n    [\/vc_column][vc_column width=&#8220;1\/3&#8243;]\r\n\r\n\r\n\r\n<section class=\"wd-section-blog text-center style2\">\r\n  <div class=\"wd-blog-post  \" >\r\n      <h4 class=\"wd-title-element\">Gartenweg<\/h4>\r\n      <p>\r\n          Schr\u00e4gzuschnitt und Gef\u00e4lleabstieg      <\/p>\r\n              <a href=\"https:\/\/terrassenbau-halle.de\/wp-content\/uploads\/2019\/01\/eingang-sichtschutz_image112.jpg\" target=_blank>\r\n                                                 <img src=\"https:\/\/terrassenbau-halle.de\/wp-content\/uploads\/2019\/01\/eingang-sichtschutz_image112-683x1024.jpg\" alt=\"icon\"\/>\r\n                <\/a>\r\n      <\/div>\r\n<\/section>\r\n    [\/vc_column][vc_column width=&#8220;1\/3&#8243;]\r\n\r\n\r\n\r\n<section class=\"wd-section-blog text-center style2\">\r\n  <div class=\"wd-blog-post  \" >\r\n      <h4 class=\"wd-title-element\">Sichtschutz mit Beleuchtung<\/h4>\r\n      <p>\r\n          Indirekte RGB-LED Beleuchtung beidseitig      <\/p>\r\n              <a href=\"https:\/\/terrassenbau-halle.de\/wp-content\/uploads\/2019\/01\/eingang-sichtschutz_image115.jpg\" target=_blank>\r\n                                                 <img src=\"https:\/\/terrassenbau-halle.de\/wp-content\/uploads\/2019\/01\/eingang-sichtschutz_image115-683x1024.jpg\" alt=\"icon\"\/>\r\n                <\/a>\r\n      <\/div>\r\n<\/section>\r\n    [\/vc_column][\/vc_row][vc_row][vc_column width=&#8220;1\/3&#8243;]\r\n\r\n\r\n\r\n<section class=\"wd-section-blog text-center style2\">\r\n  <div class=\"wd-blog-post  \" >\r\n      <h4 class=\"wd-title-element\">Beleuchtungselement<\/h4>\r\n      <p>\r\n          Naturstein Granit grau mit LED      <\/p>\r\n              <a href=\"https:\/\/terrassenbau-halle.de\/wp-content\/uploads\/2019\/01\/eingang-sichtschutz_image016.jpg\" target=_blank>\r\n                                                 <img src=\"https:\/\/terrassenbau-halle.de\/wp-content\/uploads\/2019\/01\/eingang-sichtschutz_image016-1024x683.jpg\" alt=\"icon\"\/>\r\n                <\/a>\r\n      <\/div>\r\n<\/section>\r\n    [\/vc_column][vc_column width=&#8220;1\/3&#8243;]\r\n\r\n\r\n\r\n<section class=\"wd-section-blog text-center style2\">\r\n  <div class=\"wd-blog-post  \" >\r\n      <h4 class=\"wd-title-element\">Sichtschutz<\/h4>\r\n      <p>\r\n          Eingangsbereich      <\/p>\r\n              <a href=\"http:\/\/eingang-sichtschutz_image013\" target=_blank>\r\n                                                 <img src=\"https:\/\/terrassenbau-halle.de\/wp-content\/uploads\/2019\/01\/eingang-sichtschutz_image013-1024x683.jpg\" alt=\"icon\"\/>\r\n                <\/a>\r\n      <\/div>\r\n<\/section>\r\n    [\/vc_column][vc_column width=&#8220;1\/3&#8243;]\r\n\r\n\r\n\r\n<section class=\"wd-section-blog text-center style2\">\r\n  <div class=\"wd-blog-post  \" >\r\n      <h4 class=\"wd-title-element\">Beleuchtungselemente<\/h4>\r\n      <p>\r\n          Eingangsbereich      <\/p>\r\n              <a href=\"https:\/\/terrassenbau-halle.de\/wp-content\/uploads\/2019\/01\/eingang-sichtschutz_image014.jpg\" target=_blank>\r\n                                                 <img src=\"https:\/\/terrassenbau-halle.de\/wp-content\/uploads\/2019\/01\/eingang-sichtschutz_image014-1024x683.jpg\" alt=\"icon\"\/>\r\n                <\/a>\r\n      <\/div>\r\n<\/section>\r\n    [\/vc_column][\/vc_row]<\/p>\n<\/section>","protected":false},"excerpt":{"rendered":"<p>[vc_row][vc_column][vc_column_text] Projektbeschreibung Neugestaltung eines Hauseinganges mit Gartenzuwegung auf 20 Meter L\u00e4nge. Der Bodenbelag besteht aus Holzoptik Keramikplatten im Format 40x120x2 cm grau und 30x120x2 cm braun. Der braune Rand- und Einfassungsstreifen schafft harmonische \u00dcberg\u00e4nge zu den warmen Farbt\u00f6nen am Haus und am Carport. Um den nat\u00fcrlichen Charme des Randsreifens zu betonen, wurde ein kleineres Format [&hellip;]<\/p>\n","protected":false},"author":1,"featured_media":0,"parent":0,"menu_order":0,"comment_status":"closed","ping_status":"open","template":"","meta":[],"_links":{"self":[{"href":"https:\/\/terrassenbau-halle.de\/index.php?rest_route=\/wp\/v2\/pages\/1271"}],"collection":[{"href":"https:\/\/terrassenbau-halle.de\/index.php?rest_route=\/wp\/v2\/pages"}],"about":[{"href":"https:\/\/terrassenbau-halle.de\/index.php?rest_route=\/wp\/v2\/types\/page"}],"author":[{"embeddable":true,"href":"https:\/\/terrassenbau-halle.de\/index.php?rest_route=\/wp\/v2\/users\/1"}],"replies":[{"embeddable":true,"href":"https:\/\/terrassenbau-halle.de\/index.php?rest_route=%2Fwp%2Fv2%2Fcomments&post=1271"}],"version-history":[{"count":29,"href":"https:\/\/terrassenbau-halle.de\/index.php?rest_route=\/wp\/v2\/pages\/1271\/revisions"}],"predecessor-version":[{"id":1960,"href":"https:\/\/terrassenbau-halle.de\/index.php?rest_route=\/wp\/v2\/pages\/1271\/revisions\/1960"}],"wp:attachment":[{"href":"https:\/\/terrassenbau-halle.de\/index.php?rest_route=%2Fwp%2Fv2%2Fmedia&parent=1271"}],"curies":[{"name":"wp","href":"https:\/\/api.w.org\/{rel}","templated":true}]}}